{"id":925,"date":"2022-10-14T08:46:19","date_gmt":"2022-10-14T08:46:19","guid":{"rendered":"https:\/\/you-everywhere.online\/?page_id=925"},"modified":"2023-02-14T15:21:16","modified_gmt":"2023-02-14T15:21:16","slug":"asset-management","status":"publish","type":"page","link":"https:\/\/carritech.dfk-ms.info\/pt\/support__trashed\/asset-management\/","title":{"rendered":"Gest\u00e3o de ativos"},"content":{"rendered":"<div data-elementor-type=\"wp-page\" data-elementor-id=\"925\" class=\"elementor elementor-925\" data-elementor-post-type=\"page\">\n\t\t\t\t\t\t<section class=\"elementor-section elementor-top-section elementor-element elementor-element-ccbef24 elementor-section-content-middle elementor-section-height-min-height elementor-section-boxed elementor-section-height-default elementor-section-items-middle\" data-id=\"ccbef24\" data-element_type=\"section\" data-settings=\"{&quot;background_background&quot;:&quot;gradient&quot;}\">\n\t\t\t\t\t\t\t<div class=\"elementor-background-overlay\"><\/div>\n\t\t\t\t\t\t\t<div class=\"elementor-container elementor-column-gap-no\">\n\t\t\t\t\t<div class=\"elementor-column elementor-col-100 elementor-top-column elementor-element elementor-element-285aa41\" data-id=\"285aa41\" data-element_type=\"column\">\n\t\t\t<div class=\"elementor-widget-wrap elementor-element-populated\">\n\t\t\t\t\t\t<section class=\"elementor-section elementor-inner-section elementor-element elementor-element-c59bdc4 elementor-section-boxed elementor-section-height-default elementor-section-height-default\" data-id=\"c59bdc4\" data-element_type=\"section\">\n\t\t\t\t\t\t<div class=\"elementor-container elementor-column-gap-default\">\n\t\t\t\t\t<div class=\"elementor-column elementor-col-50 elementor-inner-column elementor-element elementor-element-b0ec22b\" data-id=\"b0ec22b\" data-element_type=\"column\">\n\t\t\t<div class=\"elementor-widget-wrap elementor-element-populated\">\n\t\t\t\t\t\t<div class=\"elementor-element elementor-element-adab0fb elementor-invisible elementor-widget elementor-widget-heading\" data-id=\"adab0fb\" data-element_type=\"widget\" data-settings=\"{&quot;_animation&quot;:&quot;fadeInDown&quot;}\" data-widget_type=\"heading.default\">\n\t\t\t\t\t<h3 class=\"elementor-heading-title elementor-size-default\">Podemos <b>comercializar e revender<\/b> seu equipamento em seu nome.<\/h3>\t\t\t\t<\/div>\n\t\t\t\t<div class=\"elementor-element elementor-element-43c70fe elementor-widget__width-initial elementor-widget elementor-widget-text-editor\" data-id=\"43c70fe\" data-element_type=\"widget\" data-widget_type=\"text-editor.default\">\n\t\t\t\t\t\t\t\t\t<p>A nossa pol\u00edtica \u00e9 revender e como \u00faltimo recurso, reciclar, proporcionando-lhe o m\u00e1ximo valor para o seu equipamento.<\/p>\t\t\t\t\t\t\t\t<\/div>\n\t\t\t\t\t<\/div>\n\t\t<\/div>\n\t\t\t\t<div class=\"elementor-column elementor-col-50 elementor-inner-column elementor-element elementor-element-b6fe055 elementor-hidden-mobile\" data-id=\"b6fe055\" data-element_type=\"column\">\n\t\t\t<div class=\"elementor-widget-wrap\">\n\t\t\t\t\t\t\t<\/div>\n\t\t<\/div>\n\t\t\t\t\t<\/div>\n\t\t<\/section>\n\t\t\t\t\t<\/div>\n\t\t<\/div>\n\t\t\t\t\t<\/div>\n\t\t<\/section>\n\t\t\t\t<section class=\"elementor-section elementor-top-section elementor-element elementor-element-1f29e6d elementor-section-boxed elementor-section-height-default elementor-section-height-default\" data-id=\"1f29e6d\" data-element_type=\"section\" data-settings=\"{&quot;background_background&quot;:&quot;classic&quot;}\">\n\t\t\t\t\t\t<div class=\"elementor-container elementor-column-gap-default\">\n\t\t\t\t\t<div class=\"elementor-column elementor-col-100 elementor-top-column elementor-element elementor-element-6b6ba82\" data-id=\"6b6ba82\" data-element_type=\"column\">\n\t\t\t<div class=\"elementor-widget-wrap elementor-element-populated\">\n\t\t\t\t\t\t<div class=\"elementor-element elementor-element-609f782 elementor-align-left elementor-widget elementor-widget-breadcrumbs\" data-id=\"609f782\" data-element_type=\"widget\" data-widget_type=\"breadcrumbs.default\">\n\t\t\t\t\t<p id=\"breadcrumbs\"><span><span><a href=\"https:\/\/carritech.com\/\">P\u00e1gina Inicial<\/a><\/span><\/span><\/p>\t\t\t\t<\/div>\n\t\t\t\t\t<\/div>\n\t\t<\/div>\n\t\t\t\t\t<\/div>\n\t\t<\/section>\n\t\t\t\t<section class=\"elementor-section elementor-top-section elementor-element elementor-element-c60ca0f elementor-reverse-mobile elementor-section-boxed elementor-section-height-default elementor-section-height-default\" data-id=\"c60ca0f\" data-element_type=\"section\" data-settings=\"{&quot;background_background&quot;:&quot;classic&quot;}\">\n\t\t\t\t\t\t<div class=\"elementor-container elementor-column-gap-wide\">\n\t\t\t\t\t<div class=\"elementor-column elementor-col-50 elementor-top-column elementor-element elementor-element-cd7ddfa\" data-id=\"cd7ddfa\" data-element_type=\"column\" data-settings=\"{&quot;background_background&quot;:&quot;classic&quot;}\">\n\t\t\t<div class=\"elementor-widget-wrap elementor-element-populated\">\n\t\t\t\t\t<div class=\"elementor-background-overlay\"><\/div>\n\t\t\t\t\t\t<div class=\"elementor-element elementor-element-da2d3f9 elementor-widget elementor-widget-image\" data-id=\"da2d3f9\" data-element_type=\"widget\" data-widget_type=\"image.default\">\n\t\t\t\t\t\t\t\t\t\t\t\t\t\t\t<img fetchpriority=\"high\" decoding=\"async\" width=\"800\" height=\"534\" src=\"https:\/\/carritech.dfk-ms.info\/wp-content\/uploads\/2023\/02\/warehouse-1.png\" class=\"attachment-large size-large wp-image-5106\" alt=\"\" srcset=\"https:\/\/carritech.dfk-ms.info\/wp-content\/uploads\/2023\/02\/warehouse-1.png 1000w, https:\/\/carritech.dfk-ms.info\/wp-content\/uploads\/2023\/02\/warehouse-1-300x200.png 300w, https:\/\/carritech.dfk-ms.info\/wp-content\/uploads\/2023\/02\/warehouse-1-768x512.png 768w, https:\/\/carritech.dfk-ms.info\/wp-content\/uploads\/2023\/02\/warehouse-1-18x12.png 18w\" sizes=\"(max-width: 800px) 100vw, 800px\" \/>\t\t\t\t\t\t\t\t\t\t\t\t\t\t\t<\/div>\n\t\t\t\t<div class=\"elementor-element elementor-element-7496c4b elementor-widget elementor-widget-heading\" data-id=\"7496c4b\" data-element_type=\"widget\" data-widget_type=\"heading.default\">\n\t\t\t\t\t<h2 class=\"elementor-heading-title elementor-size-default\">Navega\u00e7\u00e3o <\/h2>\t\t\t\t<\/div>\n\t\t\t\t<div class=\"elementor-element elementor-element-00f2d52 elementor-nav-menu--dropdown-none elementor-widget elementor-widget-nav-menu\" data-id=\"00f2d52\" data-element_type=\"widget\" data-settings=\"{&quot;layout&quot;:&quot;vertical&quot;,&quot;submenu_icon&quot;:{&quot;value&quot;:&quot;&lt;i class=\\&quot;fas fa-caret-down\\&quot;&gt;&lt;\\\/i&gt;&quot;,&quot;library&quot;:&quot;fa-solid&quot;}}\" data-widget_type=\"nav-menu.default\">\n\t\t\t\t\t\t\t\t<nav aria-label=\"Menu\" class=\"elementor-nav-menu--main elementor-nav-menu__container elementor-nav-menu--layout-vertical e--pointer-underline e--animation-fade\">\n\t\t\t\t<ul id=\"menu-1-00f2d52\" class=\"elementor-nav-menu sm-vertical\"><li class=\"menu-item menu-item-type-post_type menu-item-object-page menu-item-2358\"><a href=\"https:\/\/carritech.dfk-ms.info\/pt\/support__trashed\/parts-supply\/\" class=\"elementor-item\">Fornecimento de spares<\/a><\/li>\n<li class=\"menu-item menu-item-type-post_type menu-item-object-page menu-item-2362\"><a href=\"https:\/\/carritech.dfk-ms.info\/pt\/support__trashed\/network-support-services\/\" class=\"elementor-item\">Servi\u00e7os de Suporte \u00e0 Rede<\/a><\/li>\n<li class=\"menu-item menu-item-type-post_type menu-item-object-page menu-item-3174\"><a href=\"https:\/\/carritech.dfk-ms.info\/pt\/support__trashed\/repair-refurbishment\/\" class=\"elementor-item\">Repara\u00e7\u00e3o e renova\u00e7\u00e3o<\/a><\/li>\n<li class=\"menu-item menu-item-type-post_type menu-item-object-page menu-item-2361\"><a href=\"https:\/\/carritech.dfk-ms.info\/pt\/support__trashed\/asset-management\/\" class=\"elementor-item\">Gest\u00e3o de ativos<\/a><\/li>\n<li class=\"menu-item menu-item-type-post_type menu-item-object-page menu-item-2360\"><a href=\"https:\/\/carritech.dfk-ms.info\/pt\/support__trashed\/deinstallation\/\" class=\"elementor-item\">Desinstala\u00e7\u00e3o<\/a><\/li>\n<li class=\"menu-item menu-item-type-post_type menu-item-object-page menu-item-3175\"><a href=\"https:\/\/carritech.dfk-ms.info\/pt\/support__trashed\/recycling\/\" class=\"elementor-item\">Reciclagem<\/a><\/li>\n<\/ul>\t\t\t<\/nav>\n\t\t\t\t\t\t<nav class=\"elementor-nav-menu--dropdown elementor-nav-menu__container\" aria-hidden=\"true\">\n\t\t\t\t<ul id=\"menu-2-00f2d52\" class=\"elementor-nav-menu sm-vertical\"><li class=\"menu-item menu-item-type-post_type menu-item-object-page menu-item-2358\"><a href=\"https:\/\/carritech.dfk-ms.info\/pt\/support__trashed\/parts-supply\/\" class=\"elementor-item\" tabindex=\"-1\">Fornecimento de spares<\/a><\/li>\n<li class=\"menu-item menu-item-type-post_type menu-item-object-page menu-item-2362\"><a href=\"https:\/\/carritech.dfk-ms.info\/pt\/support__trashed\/network-support-services\/\" class=\"elementor-item\" tabindex=\"-1\">Servi\u00e7os de Suporte \u00e0 Rede<\/a><\/li>\n<li class=\"menu-item menu-item-type-post_type menu-item-object-page menu-item-3174\"><a href=\"https:\/\/carritech.dfk-ms.info\/pt\/support__trashed\/repair-refurbishment\/\" class=\"elementor-item\" tabindex=\"-1\">Repara\u00e7\u00e3o e renova\u00e7\u00e3o<\/a><\/li>\n<li class=\"menu-item menu-item-type-post_type menu-item-object-page menu-item-2361\"><a href=\"https:\/\/carritech.dfk-ms.info\/pt\/support__trashed\/asset-management\/\" class=\"elementor-item\" tabindex=\"-1\">Gest\u00e3o de ativos<\/a><\/li>\n<li class=\"menu-item menu-item-type-post_type menu-item-object-page menu-item-2360\"><a href=\"https:\/\/carritech.dfk-ms.info\/pt\/support__trashed\/deinstallation\/\" class=\"elementor-item\" tabindex=\"-1\">Desinstala\u00e7\u00e3o<\/a><\/li>\n<li class=\"menu-item menu-item-type-post_type menu-item-object-page menu-item-3175\"><a href=\"https:\/\/carritech.dfk-ms.info\/pt\/support__trashed\/recycling\/\" class=\"elementor-item\" tabindex=\"-1\">Reciclagem<\/a><\/li>\n<\/ul>\t\t\t<\/nav>\n\t\t\t\t\t\t<\/div>\n\t\t\t\t<div class=\"elementor-element elementor-element-ff138d1 elementor-widget elementor-widget-heading\" data-id=\"ff138d1\" data-element_type=\"widget\" data-widget_type=\"heading.default\">\n\t\t\t\t\t<h2 class=\"elementor-heading-title elementor-size-default\">Compartilhe esta p\u00e1gina<\/h2>\t\t\t\t<\/div>\n\t\t\t\t<div class=\"elementor-element elementor-element-676ec53 elementor-share-buttons--view-icon elementor-share-buttons--skin-gradient elementor-share-buttons--shape-square elementor-grid-0 elementor-share-buttons--color-official elementor-widget elementor-widget-share-buttons\" data-id=\"676ec53\" data-element_type=\"widget\" data-widget_type=\"share-buttons.default\">\n\t\t\t\t\t\t\t<div class=\"elementor-grid\">\n\t\t\t\t\t\t\t\t<div class=\"elementor-grid-item\">\n\t\t\t\t\t\t<div\n\t\t\t\t\t\t\tclass=\"elementor-share-btn elementor-share-btn_facebook\"\n\t\t\t\t\t\t\trole=\"button\"\n\t\t\t\t\t\t\ttabindex=\"0\"\n\t\t\t\t\t\t\taria-label=\"Share on facebook\"\n\t\t\t\t\t\t>\n\t\t\t\t\t\t\t\t\t\t\t\t\t\t\t<span class=\"elementor-share-btn__icon\">\n\t\t\t\t\t\t\t\t<i class=\"fab fa-facebook\" aria-hidden=\"true\"><\/i>\t\t\t\t\t\t\t<\/span>\n\t\t\t\t\t\t\t\t\t\t\t\t\t\t\t\t\t\t\t\t<\/div>\n\t\t\t\t\t<\/div>\n\t\t\t\t\t\t\t\t\t<div class=\"elementor-grid-item\">\n\t\t\t\t\t\t<div\n\t\t\t\t\t\t\tclass=\"elementor-share-btn elementor-share-btn_twitter\"\n\t\t\t\t\t\t\trole=\"button\"\n\t\t\t\t\t\t\ttabindex=\"0\"\n\t\t\t\t\t\t\taria-label=\"Share on twitter\"\n\t\t\t\t\t\t>\n\t\t\t\t\t\t\t\t\t\t\t\t\t\t\t<span class=\"elementor-share-btn__icon\">\n\t\t\t\t\t\t\t\t<i class=\"fab fa-twitter\" aria-hidden=\"true\"><\/i>\t\t\t\t\t\t\t<\/span>\n\t\t\t\t\t\t\t\t\t\t\t\t\t\t\t\t\t\t\t\t<\/div>\n\t\t\t\t\t<\/div>\n\t\t\t\t\t\t\t\t\t<div class=\"elementor-grid-item\">\n\t\t\t\t\t\t<div\n\t\t\t\t\t\t\tclass=\"elementor-share-btn elementor-share-btn_linkedin\"\n\t\t\t\t\t\t\trole=\"button\"\n\t\t\t\t\t\t\ttabindex=\"0\"\n\t\t\t\t\t\t\taria-label=\"Share on linkedin\"\n\t\t\t\t\t\t>\n\t\t\t\t\t\t\t\t\t\t\t\t\t\t\t<span class=\"elementor-share-btn__icon\">\n\t\t\t\t\t\t\t\t<i class=\"fab fa-linkedin\" aria-hidden=\"true\"><\/i>\t\t\t\t\t\t\t<\/span>\n\t\t\t\t\t\t\t\t\t\t\t\t\t\t\t\t\t\t\t\t<\/div>\n\t\t\t\t\t<\/div>\n\t\t\t\t\t\t\t\t\t<div class=\"elementor-grid-item\">\n\t\t\t\t\t\t<div\n\t\t\t\t\t\t\tclass=\"elementor-share-btn elementor-share-btn_whatsapp\"\n\t\t\t\t\t\t\trole=\"button\"\n\t\t\t\t\t\t\ttabindex=\"0\"\n\t\t\t\t\t\t\taria-label=\"Share on whatsapp\"\n\t\t\t\t\t\t>\n\t\t\t\t\t\t\t\t\t\t\t\t\t\t\t<span class=\"elementor-share-btn__icon\">\n\t\t\t\t\t\t\t\t<i class=\"fab fa-whatsapp\" aria-hidden=\"true\"><\/i>\t\t\t\t\t\t\t<\/span>\n\t\t\t\t\t\t\t\t\t\t\t\t\t\t\t\t\t\t\t\t<\/div>\n\t\t\t\t\t<\/div>\n\t\t\t\t\t\t<\/div>\n\t\t\t\t\t\t<\/div>\n\t\t\t\t\t<\/div>\n\t\t<\/div>\n\t\t\t\t<div class=\"elementor-column elementor-col-50 elementor-top-column elementor-element elementor-element-23ad2b6\" data-id=\"23ad2b6\" data-element_type=\"column\">\n\t\t\t<div class=\"elementor-widget-wrap elementor-element-populated\">\n\t\t\t\t\t\t<div class=\"elementor-element elementor-element-9f25846 elementor-widget elementor-widget-heading\" data-id=\"9f25846\" data-element_type=\"widget\" data-widget_type=\"heading.default\">\n\t\t\t\t\t<h2 class=\"elementor-heading-title elementor-size-default\">Gest\u00e3o de ativos<\/h2>\t\t\t\t<\/div>\n\t\t\t\t<section class=\"elementor-section elementor-inner-section elementor-element elementor-element-e5b91d2 elementor-section-boxed elementor-section-height-default elementor-section-height-default\" data-id=\"e5b91d2\" data-element_type=\"section\">\n\t\t\t\t\t\t<div class=\"elementor-container elementor-column-gap-default\">\n\t\t\t\t\t<div class=\"elementor-column elementor-col-50 elementor-inner-column elementor-element elementor-element-dc2b17f\" data-id=\"dc2b17f\" data-element_type=\"column\">\n\t\t\t<div class=\"elementor-widget-wrap elementor-element-populated\">\n\t\t\t\t\t\t<div class=\"elementor-element elementor-element-63c2e15 elementor-widget__width-initial elementor-widget elementor-widget-text-editor\" data-id=\"63c2e15\" data-element_type=\"widget\" data-widget_type=\"text-editor.default\">\n\t\t\t\t\t\t\t\t\t<p>A Carritech pode fazer a gest\u00e3o do seu excedente de ativos e fornecer o m\u00e1ximo retorno dispon\u00edvel no seu investimento. A nossa pol\u00edtica \u00e9 revender e, como \u00faltimo recurso, reciclar, proporcionando o m\u00e1ximo valor para o seu equipamento.<\/p><p>Os principais benef\u00edcios da utiliza\u00e7\u00e3o dos nossos servi\u00e7os de gest\u00e3o de ativos de telecomunica\u00e7\u00f5es s\u00e3o:<\/p><ul><li>Servi\u00e7o totalmente gerido sem a\u00e7\u00f5es<\/li><li>Obt\u00e9m o maior retornominimizando custos e obriga\u00e7\u00f5es<\/li><li>O equipamento permanece no seu balan\u00e7o at\u00e9 ser vendido<\/li><li>O equipamento pode ser utilizado a qualquer momento para atender requisitos imprevistos de rede<\/li><li>Relat\u00f3rio mensal e portal online<\/li><li>A Carritech pode fornecer desinstala\u00e7\u00e3o sempre que necess\u00e1rio<\/li><li>Elimine os custos de armazenamento e melhore a sua visibilidade de stock<\/li><li>Os colaboradores focam-se nas compet\u00eancias chave do seu neg\u00f3cio<\/li><li>Redu\u00e7\u00e3o global do impacto ambiental<\/li><\/ul>\t\t\t\t\t\t\t\t<\/div>\n\t\t\t\t\t<\/div>\n\t\t<\/div>\n\t\t\t\t<div class=\"elementor-column elementor-col-50 elementor-inner-column elementor-element elementor-element-f030ba2\" data-id=\"f030ba2\" data-element_type=\"column\">\n\t\t\t<div class=\"elementor-widget-wrap elementor-element-populated\">\n\t\t\t\t\t\t<div class=\"elementor-element elementor-element-979d969 elementor-widget__width-inherit elementor-widget elementor-widget-image\" data-id=\"979d969\" data-element_type=\"widget\" data-widget_type=\"image.default\">\n\t\t\t\t\t\t\t\t\t\t\t\t\t\t\t<img decoding=\"async\" width=\"512\" height=\"513\" src=\"https:\/\/carritech.dfk-ms.info\/wp-content\/uploads\/2023\/02\/asset-management-2.png\" class=\"attachment-large size-large wp-image-5291\" alt=\"\" srcset=\"https:\/\/carritech.dfk-ms.info\/wp-content\/uploads\/2023\/02\/asset-management-2.png 512w, https:\/\/carritech.dfk-ms.info\/wp-content\/uploads\/2023\/02\/asset-management-2-300x300.png 300w, https:\/\/carritech.dfk-ms.info\/wp-content\/uploads\/2023\/02\/asset-management-2-150x150.png 150w, https:\/\/carritech.dfk-ms.info\/wp-content\/uploads\/2023\/02\/asset-management-2-12x12.png 12w\" sizes=\"(max-width: 512px) 100vw, 512px\" \/>\t\t\t\t\t\t\t\t\t\t\t\t\t\t\t<\/div>\n\t\t\t\t\t<\/div>\n\t\t<\/div>\n\t\t\t\t\t<\/div>\n\t\t<\/section>\n\t\t\t\t\t<\/div>\n\t\t<\/div>\n\t\t\t\t\t<\/div>\n\t\t<\/section>\n\t\t\t\t<\/div>","protected":false},"excerpt":{"rendered":"<p>We can market and resell your equipment on your behalf. Our policy is to resell and then as a last resort, recycle, providing you with maximum value for your equipment. Navigation Share this page Asset Management Carritech can manage your surplus assets and provide you with the maximum available return on your investment. Our policy [&hellip;]<\/p>","protected":false},"author":1,"featured_media":0,"parent":18,"menu_order":0,"comment_status":"closed","ping_status":"closed","template":"","meta":{"_acf_changed":false,"footnotes":""},"class_list":["post-925","page","type-page","status-publish","hentry"],"acf":[],"yoast_head":"<!-- This site is optimized with the Yoast SEO Premium plugin v24.6 (Yoast SEO v24.6) - https:\/\/yoast.com\/wordpress\/plugins\/seo\/ -->\n<title>Asset Management | Carritech<\/title>\n<meta name=\"robots\" content=\"index, follow, max-snippet:-1, max-image-preview:large, max-video-preview:-1\" \/>\n<link rel=\"canonical\" href=\"https:\/\/carritech.com\/support__trashed\/asset-management\/\" \/>\n<meta property=\"og:locale\" content=\"pt_PT\" \/>\n<meta property=\"og:type\" content=\"article\" \/>\n<meta property=\"og:title\" content=\"Asset Management\" \/>\n<meta property=\"og:description\" content=\"We can market and resell your equipment on your behalf. Our policy is to resell and then as a last resort, recycle, providing you with maximum value for your equipment. Navigation Share this page Asset Management Carritech can manage your surplus assets and provide you with the maximum available return on your investment. Our policy [&hellip;]\" \/>\n<meta property=\"og:url\" content=\"https:\/\/carritech.com\/support__trashed\/asset-management\/\" \/>\n<meta property=\"og:site_name\" content=\"Carritech\" \/>\n<meta property=\"article:publisher\" content=\"https:\/\/www.facebook.com\/Carritech-271429599884265\/\" \/>\n<meta property=\"article:modified_time\" content=\"2023-02-14T15:21:16+00:00\" \/>\n<meta property=\"og:image\" content=\"http:\/\/www.carritech.com\/wp-content\/uploads\/2023\/02\/warehouse-1.png\" \/>\n<meta name=\"twitter:card\" content=\"summary_large_image\" \/>\n<meta name=\"twitter:label1\" content=\"Tempo estimado de leitura\" \/>\n\t<meta name=\"twitter:data1\" content=\"2 minutos\" \/>\n<script type=\"application\/ld+json\" class=\"yoast-schema-graph\">{\"@context\":\"https:\/\/schema.org\",\"@graph\":[{\"@type\":\"WebPage\",\"@id\":\"https:\/\/carritech.com\/support__trashed\/asset-management\/\",\"url\":\"https:\/\/carritech.com\/support__trashed\/asset-management\/\",\"name\":\"Asset Management | Carritech\",\"isPartOf\":{\"@id\":\"https:\/\/carritech.com\/#website\"},\"primaryImageOfPage\":{\"@id\":\"https:\/\/carritech.com\/support__trashed\/asset-management\/#primaryimage\"},\"image\":{\"@id\":\"https:\/\/carritech.com\/support__trashed\/asset-management\/#primaryimage\"},\"thumbnailUrl\":\"http:\/\/www.carritech.com\/wp-content\/uploads\/2023\/02\/warehouse-1.png\",\"datePublished\":\"2022-10-14T08:46:19+00:00\",\"dateModified\":\"2023-02-14T15:21:16+00:00\",\"breadcrumb\":{\"@id\":\"https:\/\/carritech.com\/support__trashed\/asset-management\/#breadcrumb\"},\"inLanguage\":\"pt-PT\",\"potentialAction\":[{\"@type\":\"ReadAction\",\"target\":[\"https:\/\/carritech.com\/support__trashed\/asset-management\/\"]}]},{\"@type\":\"ImageObject\",\"inLanguage\":\"pt-PT\",\"@id\":\"https:\/\/carritech.com\/support__trashed\/asset-management\/#primaryimage\",\"url\":\"http:\/\/www.carritech.com\/wp-content\/uploads\/2023\/02\/warehouse-1.png\",\"contentUrl\":\"http:\/\/www.carritech.com\/wp-content\/uploads\/2023\/02\/warehouse-1.png\"},{\"@type\":\"BreadcrumbList\",\"@id\":\"https:\/\/carritech.com\/support__trashed\/asset-management\/#breadcrumb\",\"itemListElement\":[{\"@type\":\"ListItem\",\"position\":1,\"name\":\"Home\",\"item\":\"https:\/\/carritech.com\/\"},{\"@type\":\"ListItem\",\"position\":2,\"name\":\"Support\",\"item\":\"https:\/\/carritech.com\/?page_id=18\"},{\"@type\":\"ListItem\",\"position\":3,\"name\":\"Asset Management\"}]},{\"@type\":\"WebSite\",\"@id\":\"https:\/\/carritech.com\/#website\",\"url\":\"https:\/\/carritech.com\/\",\"name\":\"Carritech Telecommunications\",\"description\":\"A sustainable support solution for your telecoms network\",\"publisher\":{\"@id\":\"https:\/\/carritech.com\/#organization\"},\"alternateName\":\"Carritech\",\"potentialAction\":[{\"@type\":\"SearchAction\",\"target\":{\"@type\":\"EntryPoint\",\"urlTemplate\":\"https:\/\/carritech.com\/?s={search_term_string}\"},\"query-input\":{\"@type\":\"PropertyValueSpecification\",\"valueRequired\":true,\"valueName\":\"search_term_string\"}}],\"inLanguage\":\"pt-PT\"},{\"@type\":\"Organization\",\"@id\":\"https:\/\/carritech.com\/#organization\",\"name\":\"Carritech\",\"url\":\"https:\/\/carritech.com\/\",\"logo\":{\"@type\":\"ImageObject\",\"inLanguage\":\"pt-PT\",\"@id\":\"https:\/\/carritech.com\/#\/schema\/logo\/image\/\",\"url\":\"https:\/\/carritech.dfk-ms.info\/wp-content\/uploads\/2023\/01\/Carritech-Logo-without-sub-header.png\",\"contentUrl\":\"https:\/\/carritech.dfk-ms.info\/wp-content\/uploads\/2023\/01\/Carritech-Logo-without-sub-header.png\",\"width\":2628,\"height\":874,\"caption\":\"Carritech\"},\"image\":{\"@id\":\"https:\/\/carritech.com\/#\/schema\/logo\/image\/\"},\"sameAs\":[\"https:\/\/www.facebook.com\/Carritech-271429599884265\/\",\"https:\/\/www.linkedin.com\/company\/1678487\/\"]}]}<\/script>\n<!-- \/ Yoast SEO Premium plugin. -->","yoast_head_json":{"title":"Asset Management | Carritech","robots":{"index":"index","follow":"follow","max-snippet":"max-snippet:-1","max-image-preview":"max-image-preview:large","max-video-preview":"max-video-preview:-1"},"canonical":"https:\/\/carritech.com\/support__trashed\/asset-management\/","og_locale":"pt_PT","og_type":"article","og_title":"Asset Management","og_description":"We can market and resell your equipment on your behalf. Our policy is to resell and then as a last resort, recycle, providing you with maximum value for your equipment. Navigation Share this page Asset Management Carritech can manage your surplus assets and provide you with the maximum available return on your investment. Our policy [&hellip;]","og_url":"https:\/\/carritech.com\/support__trashed\/asset-management\/","og_site_name":"Carritech","article_publisher":"https:\/\/www.facebook.com\/Carritech-271429599884265\/","article_modified_time":"2023-02-14T15:21:16+00:00","og_image":[{"url":"http:\/\/www.carritech.com\/wp-content\/uploads\/2023\/02\/warehouse-1.png","type":"","width":"","height":""}],"twitter_card":"summary_large_image","twitter_misc":{"Tempo estimado de leitura":"2 minutos"},"schema":{"@context":"https:\/\/schema.org","@graph":[{"@type":"WebPage","@id":"https:\/\/carritech.com\/support__trashed\/asset-management\/","url":"https:\/\/carritech.com\/support__trashed\/asset-management\/","name":"Asset Management | Carritech","isPartOf":{"@id":"https:\/\/carritech.com\/#website"},"primaryImageOfPage":{"@id":"https:\/\/carritech.com\/support__trashed\/asset-management\/#primaryimage"},"image":{"@id":"https:\/\/carritech.com\/support__trashed\/asset-management\/#primaryimage"},"thumbnailUrl":"http:\/\/www.carritech.com\/wp-content\/uploads\/2023\/02\/warehouse-1.png","datePublished":"2022-10-14T08:46:19+00:00","dateModified":"2023-02-14T15:21:16+00:00","breadcrumb":{"@id":"https:\/\/carritech.com\/support__trashed\/asset-management\/#breadcrumb"},"inLanguage":"pt-PT","potentialAction":[{"@type":"ReadAction","target":["https:\/\/carritech.com\/support__trashed\/asset-management\/"]}]},{"@type":"ImageObject","inLanguage":"pt-PT","@id":"https:\/\/carritech.com\/support__trashed\/asset-management\/#primaryimage","url":"http:\/\/www.carritech.com\/wp-content\/uploads\/2023\/02\/warehouse-1.png","contentUrl":"http:\/\/www.carritech.com\/wp-content\/uploads\/2023\/02\/warehouse-1.png"},{"@type":"BreadcrumbList","@id":"https:\/\/carritech.com\/support__trashed\/asset-management\/#breadcrumb","itemListElement":[{"@type":"ListItem","position":1,"name":"Home","item":"https:\/\/carritech.com\/"},{"@type":"ListItem","position":2,"name":"Support","item":"https:\/\/carritech.com\/?page_id=18"},{"@type":"ListItem","position":3,"name":"Asset Management"}]},{"@type":"WebSite","@id":"https:\/\/carritech.com\/#website","url":"https:\/\/carritech.com\/","name":"Carritech Telecommunications","description":"A sustainable support solution for your telecoms network","publisher":{"@id":"https:\/\/carritech.com\/#organization"},"alternateName":"Carritech","potentialAction":[{"@type":"SearchAction","target":{"@type":"EntryPoint","urlTemplate":"https:\/\/carritech.com\/?s={search_term_string}"},"query-input":{"@type":"PropertyValueSpecification","valueRequired":true,"valueName":"search_term_string"}}],"inLanguage":"pt-PT"},{"@type":"Organization","@id":"https:\/\/carritech.com\/#organization","name":"Carritech","url":"https:\/\/carritech.com\/","logo":{"@type":"ImageObject","inLanguage":"pt-PT","@id":"https:\/\/carritech.com\/#\/schema\/logo\/image\/","url":"https:\/\/carritech.dfk-ms.info\/wp-content\/uploads\/2023\/01\/Carritech-Logo-without-sub-header.png","contentUrl":"https:\/\/carritech.dfk-ms.info\/wp-content\/uploads\/2023\/01\/Carritech-Logo-without-sub-header.png","width":2628,"height":874,"caption":"Carritech"},"image":{"@id":"https:\/\/carritech.com\/#\/schema\/logo\/image\/"},"sameAs":["https:\/\/www.facebook.com\/Carritech-271429599884265\/","https:\/\/www.linkedin.com\/company\/1678487\/"]}]}},"_links":{"self":[{"href":"https:\/\/carritech.dfk-ms.info\/pt\/wp-json\/wp\/v2\/pages\/925","targetHints":{"allow":["GET"]}}],"collection":[{"href":"https:\/\/carritech.dfk-ms.info\/pt\/wp-json\/wp\/v2\/pages"}],"about":[{"href":"https:\/\/carritech.dfk-ms.info\/pt\/wp-json\/wp\/v2\/types\/page"}],"author":[{"embeddable":true,"href":"https:\/\/carritech.dfk-ms.info\/pt\/wp-json\/wp\/v2\/users\/1"}],"replies":[{"embeddable":true,"href":"https:\/\/carritech.dfk-ms.info\/pt\/wp-json\/wp\/v2\/comments?post=925"}],"version-history":[{"count":56,"href":"https:\/\/carritech.dfk-ms.info\/pt\/wp-json\/wp\/v2\/pages\/925\/revisions"}],"predecessor-version":[{"id":5294,"href":"https:\/\/carritech.dfk-ms.info\/pt\/wp-json\/wp\/v2\/pages\/925\/revisions\/5294"}],"up":[{"embeddable":true,"href":"https:\/\/carritech.dfk-ms.info\/pt\/wp-json\/wp\/v2\/pages\/18"}],"wp:attachment":[{"href":"https:\/\/carritech.dfk-ms.info\/pt\/wp-json\/wp\/v2\/media?parent=925"}],"curies":[{"name":"wp","href":"https:\/\/api.w.org\/{rel}","templated":true}]}}