{"id":923,"date":"2022-10-14T08:44:51","date_gmt":"2022-10-14T08:44:51","guid":{"rendered":"https:\/\/you-everywhere.online\/?page_id=923"},"modified":"2023-02-14T15:24:58","modified_gmt":"2023-02-14T15:24:58","slug":"deinstallation","status":"publish","type":"page","link":"https:\/\/carritech.dfk-ms.info\/pt\/support__trashed\/deinstallation\/","title":{"rendered":"Desinstala\u00e7\u00e3o"},"content":{"rendered":"<div data-elementor-type=\"wp-page\" data-elementor-id=\"923\" class=\"elementor elementor-923\" data-elementor-post-type=\"page\">\n\t\t\t\t\t\t<section class=\"elementor-section elementor-top-section elementor-element elementor-element-f140558 elementor-section-content-middle elementor-section-height-min-height elementor-section-boxed elementor-section-height-default elementor-section-items-middle\" data-id=\"f140558\" data-element_type=\"section\" data-settings=\"{&quot;background_background&quot;:&quot;gradient&quot;}\">\n\t\t\t\t\t\t\t<div class=\"elementor-background-overlay\"><\/div>\n\t\t\t\t\t\t\t<div class=\"elementor-container elementor-column-gap-no\">\n\t\t\t\t\t<div class=\"elementor-column elementor-col-100 elementor-top-column elementor-element elementor-element-2a7e373\" data-id=\"2a7e373\" data-element_type=\"column\">\n\t\t\t<div class=\"elementor-widget-wrap elementor-element-populated\">\n\t\t\t\t\t\t<section class=\"elementor-section elementor-inner-section elementor-element elementor-element-77aad15 elementor-section-boxed elementor-section-height-default elementor-section-height-default\" data-id=\"77aad15\" data-element_type=\"section\">\n\t\t\t\t\t\t<div class=\"elementor-container elementor-column-gap-default\">\n\t\t\t\t\t<div class=\"elementor-column elementor-col-50 elementor-inner-column elementor-element elementor-element-abe9cde\" data-id=\"abe9cde\" data-element_type=\"column\">\n\t\t\t<div class=\"elementor-widget-wrap elementor-element-populated\">\n\t\t\t\t\t\t<div class=\"elementor-element elementor-element-1b5dff8 elementor-invisible elementor-widget elementor-widget-heading\" data-id=\"1b5dff8\" data-element_type=\"widget\" data-settings=\"{&quot;_animation&quot;:&quot;fadeInDown&quot;}\" data-widget_type=\"heading.default\">\n\t\t\t\t\t<h3 class=\"elementor-heading-title elementor-size-default\">A nossa equipe de especialistas pode <b>desinstalar<\/b> e criar um invent\u00e1rio do seu equipamento.<\/h3>\t\t\t\t<\/div>\n\t\t\t\t<div class=\"elementor-element elementor-element-a327922 elementor-widget__width-initial elementor-widget elementor-widget-text-editor\" data-id=\"a327922\" data-element_type=\"widget\" data-widget_type=\"text-editor.default\">\n\t\t\t\t\t\t\t\t\t<p>Estamos aqui para os ajudar no planeamento, invent\u00e1rio e na realiza\u00e7\u00e3o do desinstala\u00e7\u00e3o dos sistemas de telecomunica\u00e7\u00f5es.<\/p>\t\t\t\t\t\t\t\t<\/div>\n\t\t\t\t\t<\/div>\n\t\t<\/div>\n\t\t\t\t<div class=\"elementor-column elementor-col-50 elementor-inner-column elementor-element elementor-element-49c019e elementor-hidden-mobile\" data-id=\"49c019e\" data-element_type=\"column\">\n\t\t\t<div class=\"elementor-widget-wrap\">\n\t\t\t\t\t\t\t<\/div>\n\t\t<\/div>\n\t\t\t\t\t<\/div>\n\t\t<\/section>\n\t\t\t\t\t<\/div>\n\t\t<\/div>\n\t\t\t\t\t<\/div>\n\t\t<\/section>\n\t\t\t\t<section class=\"elementor-section elementor-top-section elementor-element elementor-element-eba0736 elementor-section-boxed elementor-section-height-default elementor-section-height-default\" data-id=\"eba0736\" data-element_type=\"section\" data-settings=\"{&quot;background_background&quot;:&quot;classic&quot;}\">\n\t\t\t\t\t\t<div class=\"elementor-container elementor-column-gap-default\">\n\t\t\t\t\t<div class=\"elementor-column elementor-col-100 elementor-top-column elementor-element elementor-element-45100fd\" data-id=\"45100fd\" data-element_type=\"column\">\n\t\t\t<div class=\"elementor-widget-wrap elementor-element-populated\">\n\t\t\t\t\t\t<div class=\"elementor-element elementor-element-01c2595 elementor-align-left elementor-widget elementor-widget-breadcrumbs\" data-id=\"01c2595\" data-element_type=\"widget\" data-widget_type=\"breadcrumbs.default\">\n\t\t\t\t\t<p id=\"breadcrumbs\"><span><span><a href=\"https:\/\/carritech.com\/\">P\u00e1gina Inicial<\/a><\/span><\/span><\/p>\t\t\t\t<\/div>\n\t\t\t\t\t<\/div>\n\t\t<\/div>\n\t\t\t\t\t<\/div>\n\t\t<\/section>\n\t\t\t\t<section class=\"elementor-section elementor-top-section elementor-element elementor-element-8a1dc73 elementor-section-boxed elementor-section-height-default elementor-section-height-default\" data-id=\"8a1dc73\" data-element_type=\"section\" data-settings=\"{&quot;background_background&quot;:&quot;classic&quot;}\">\n\t\t\t\t\t\t<div class=\"elementor-container elementor-column-gap-wider\">\n\t\t\t\t\t<div class=\"elementor-column elementor-col-50 elementor-top-column elementor-element elementor-element-3af5810\" data-id=\"3af5810\" data-element_type=\"column\" data-settings=\"{&quot;background_background&quot;:&quot;classic&quot;}\">\n\t\t\t<div class=\"elementor-widget-wrap elementor-element-populated\">\n\t\t\t\t\t<div class=\"elementor-background-overlay\"><\/div>\n\t\t\t\t\t\t<div class=\"elementor-element elementor-element-dfba1f2 elementor-widget elementor-widget-image\" data-id=\"dfba1f2\" data-element_type=\"widget\" data-widget_type=\"image.default\">\n\t\t\t\t\t\t\t\t\t\t\t\t\t\t\t<img fetchpriority=\"high\" decoding=\"async\" width=\"800\" height=\"450\" src=\"https:\/\/carritech.dfk-ms.info\/wp-content\/uploads\/2023\/02\/deinstallation2.jpg\" class=\"attachment-large size-large wp-image-5111\" alt=\"\" srcset=\"https:\/\/carritech.dfk-ms.info\/wp-content\/uploads\/2023\/02\/deinstallation2.jpg 1000w, https:\/\/carritech.dfk-ms.info\/wp-content\/uploads\/2023\/02\/deinstallation2-300x169.jpg 300w, https:\/\/carritech.dfk-ms.info\/wp-content\/uploads\/2023\/02\/deinstallation2-768x432.jpg 768w, https:\/\/carritech.dfk-ms.info\/wp-content\/uploads\/2023\/02\/deinstallation2-18x10.jpg 18w\" sizes=\"(max-width: 800px) 100vw, 800px\" \/>\t\t\t\t\t\t\t\t\t\t\t\t\t\t\t<\/div>\n\t\t\t\t<div class=\"elementor-element elementor-element-93a93ba elementor-widget elementor-widget-heading\" data-id=\"93a93ba\" data-element_type=\"widget\" data-widget_type=\"heading.default\">\n\t\t\t\t\t<h2 class=\"elementor-heading-title elementor-size-default\">Navega\u00e7\u00e3o <\/h2>\t\t\t\t<\/div>\n\t\t\t\t<div class=\"elementor-element elementor-element-abc4348 elementor-nav-menu--dropdown-none elementor-widget elementor-widget-nav-menu\" data-id=\"abc4348\" data-element_type=\"widget\" data-settings=\"{&quot;layout&quot;:&quot;vertical&quot;,&quot;submenu_icon&quot;:{&quot;value&quot;:&quot;&lt;i class=\\&quot;fas fa-caret-down\\&quot;&gt;&lt;\\\/i&gt;&quot;,&quot;library&quot;:&quot;fa-solid&quot;}}\" data-widget_type=\"nav-menu.default\">\n\t\t\t\t\t\t\t\t<nav aria-label=\"Menu\" class=\"elementor-nav-menu--main elementor-nav-menu__container elementor-nav-menu--layout-vertical e--pointer-underline e--animation-fade\">\n\t\t\t\t<ul id=\"menu-1-abc4348\" class=\"elementor-nav-menu sm-vertical\"><li class=\"menu-item menu-item-type-post_type menu-item-object-page menu-item-2358\"><a href=\"https:\/\/carritech.dfk-ms.info\/pt\/support__trashed\/parts-supply\/\" class=\"elementor-item\">Fornecimento de spares<\/a><\/li>\n<li class=\"menu-item menu-item-type-post_type menu-item-object-page menu-item-2362\"><a href=\"https:\/\/carritech.dfk-ms.info\/pt\/support__trashed\/network-support-services\/\" class=\"elementor-item\">Servi\u00e7os de Suporte \u00e0 Rede<\/a><\/li>\n<li class=\"menu-item menu-item-type-post_type menu-item-object-page menu-item-3174\"><a href=\"https:\/\/carritech.dfk-ms.info\/pt\/support__trashed\/repair-refurbishment\/\" class=\"elementor-item\">Repara\u00e7\u00e3o e renova\u00e7\u00e3o<\/a><\/li>\n<li class=\"menu-item menu-item-type-post_type menu-item-object-page menu-item-2361\"><a href=\"https:\/\/carritech.dfk-ms.info\/pt\/support__trashed\/asset-management\/\" class=\"elementor-item\">Gest\u00e3o de ativos<\/a><\/li>\n<li class=\"menu-item menu-item-type-post_type menu-item-object-page menu-item-2360\"><a href=\"https:\/\/carritech.dfk-ms.info\/pt\/support__trashed\/deinstallation\/\" class=\"elementor-item\">Desinstala\u00e7\u00e3o<\/a><\/li>\n<li class=\"menu-item menu-item-type-post_type menu-item-object-page menu-item-3175\"><a href=\"https:\/\/carritech.dfk-ms.info\/pt\/support__trashed\/recycling\/\" class=\"elementor-item\">Reciclagem<\/a><\/li>\n<\/ul>\t\t\t<\/nav>\n\t\t\t\t\t\t<nav class=\"elementor-nav-menu--dropdown elementor-nav-menu__container\" aria-hidden=\"true\">\n\t\t\t\t<ul id=\"menu-2-abc4348\" class=\"elementor-nav-menu sm-vertical\"><li class=\"menu-item menu-item-type-post_type menu-item-object-page menu-item-2358\"><a href=\"https:\/\/carritech.dfk-ms.info\/pt\/support__trashed\/parts-supply\/\" class=\"elementor-item\" tabindex=\"-1\">Fornecimento de spares<\/a><\/li>\n<li class=\"menu-item menu-item-type-post_type menu-item-object-page menu-item-2362\"><a href=\"https:\/\/carritech.dfk-ms.info\/pt\/support__trashed\/network-support-services\/\" class=\"elementor-item\" tabindex=\"-1\">Servi\u00e7os de Suporte \u00e0 Rede<\/a><\/li>\n<li class=\"menu-item menu-item-type-post_type menu-item-object-page menu-item-3174\"><a href=\"https:\/\/carritech.dfk-ms.info\/pt\/support__trashed\/repair-refurbishment\/\" class=\"elementor-item\" tabindex=\"-1\">Repara\u00e7\u00e3o e renova\u00e7\u00e3o<\/a><\/li>\n<li class=\"menu-item menu-item-type-post_type menu-item-object-page menu-item-2361\"><a href=\"https:\/\/carritech.dfk-ms.info\/pt\/support__trashed\/asset-management\/\" class=\"elementor-item\" tabindex=\"-1\">Gest\u00e3o de ativos<\/a><\/li>\n<li class=\"menu-item menu-item-type-post_type menu-item-object-page menu-item-2360\"><a href=\"https:\/\/carritech.dfk-ms.info\/pt\/support__trashed\/deinstallation\/\" class=\"elementor-item\" tabindex=\"-1\">Desinstala\u00e7\u00e3o<\/a><\/li>\n<li class=\"menu-item menu-item-type-post_type menu-item-object-page menu-item-3175\"><a href=\"https:\/\/carritech.dfk-ms.info\/pt\/support__trashed\/recycling\/\" class=\"elementor-item\" tabindex=\"-1\">Reciclagem<\/a><\/li>\n<\/ul>\t\t\t<\/nav>\n\t\t\t\t\t\t<\/div>\n\t\t\t\t<div class=\"elementor-element elementor-element-a6357b3 elementor-widget elementor-widget-heading\" data-id=\"a6357b3\" data-element_type=\"widget\" data-widget_type=\"heading.default\">\n\t\t\t\t\t<h2 class=\"elementor-heading-title elementor-size-default\">Compartilhe esta p\u00e1gina<\/h2>\t\t\t\t<\/div>\n\t\t\t\t<div class=\"elementor-element elementor-element-8126371 elementor-share-buttons--view-icon elementor-share-buttons--skin-gradient elementor-share-buttons--shape-square elementor-grid-0 elementor-share-buttons--color-official elementor-widget elementor-widget-share-buttons\" data-id=\"8126371\" data-element_type=\"widget\" data-widget_type=\"share-buttons.default\">\n\t\t\t\t\t\t\t<div class=\"elementor-grid\">\n\t\t\t\t\t\t\t\t<div class=\"elementor-grid-item\">\n\t\t\t\t\t\t<div\n\t\t\t\t\t\t\tclass=\"elementor-share-btn elementor-share-btn_facebook\"\n\t\t\t\t\t\t\trole=\"button\"\n\t\t\t\t\t\t\ttabindex=\"0\"\n\t\t\t\t\t\t\taria-label=\"Share on facebook\"\n\t\t\t\t\t\t>\n\t\t\t\t\t\t\t\t\t\t\t\t\t\t\t<span class=\"elementor-share-btn__icon\">\n\t\t\t\t\t\t\t\t<i class=\"fab fa-facebook\" aria-hidden=\"true\"><\/i>\t\t\t\t\t\t\t<\/span>\n\t\t\t\t\t\t\t\t\t\t\t\t\t\t\t\t\t\t\t\t<\/div>\n\t\t\t\t\t<\/div>\n\t\t\t\t\t\t\t\t\t<div class=\"elementor-grid-item\">\n\t\t\t\t\t\t<div\n\t\t\t\t\t\t\tclass=\"elementor-share-btn elementor-share-btn_twitter\"\n\t\t\t\t\t\t\trole=\"button\"\n\t\t\t\t\t\t\ttabindex=\"0\"\n\t\t\t\t\t\t\taria-label=\"Share on twitter\"\n\t\t\t\t\t\t>\n\t\t\t\t\t\t\t\t\t\t\t\t\t\t\t<span class=\"elementor-share-btn__icon\">\n\t\t\t\t\t\t\t\t<i class=\"fab fa-twitter\" aria-hidden=\"true\"><\/i>\t\t\t\t\t\t\t<\/span>\n\t\t\t\t\t\t\t\t\t\t\t\t\t\t\t\t\t\t\t\t<\/div>\n\t\t\t\t\t<\/div>\n\t\t\t\t\t\t\t\t\t<div class=\"elementor-grid-item\">\n\t\t\t\t\t\t<div\n\t\t\t\t\t\t\tclass=\"elementor-share-btn elementor-share-btn_linkedin\"\n\t\t\t\t\t\t\trole=\"button\"\n\t\t\t\t\t\t\ttabindex=\"0\"\n\t\t\t\t\t\t\taria-label=\"Share on linkedin\"\n\t\t\t\t\t\t>\n\t\t\t\t\t\t\t\t\t\t\t\t\t\t\t<span class=\"elementor-share-btn__icon\">\n\t\t\t\t\t\t\t\t<i class=\"fab fa-linkedin\" aria-hidden=\"true\"><\/i>\t\t\t\t\t\t\t<\/span>\n\t\t\t\t\t\t\t\t\t\t\t\t\t\t\t\t\t\t\t\t<\/div>\n\t\t\t\t\t<\/div>\n\t\t\t\t\t\t\t\t\t<div class=\"elementor-grid-item\">\n\t\t\t\t\t\t<div\n\t\t\t\t\t\t\tclass=\"elementor-share-btn elementor-share-btn_whatsapp\"\n\t\t\t\t\t\t\trole=\"button\"\n\t\t\t\t\t\t\ttabindex=\"0\"\n\t\t\t\t\t\t\taria-label=\"Share on whatsapp\"\n\t\t\t\t\t\t>\n\t\t\t\t\t\t\t\t\t\t\t\t\t\t\t<span class=\"elementor-share-btn__icon\">\n\t\t\t\t\t\t\t\t<i class=\"fab fa-whatsapp\" aria-hidden=\"true\"><\/i>\t\t\t\t\t\t\t<\/span>\n\t\t\t\t\t\t\t\t\t\t\t\t\t\t\t\t\t\t\t\t<\/div>\n\t\t\t\t\t<\/div>\n\t\t\t\t\t\t<\/div>\n\t\t\t\t\t\t<\/div>\n\t\t\t\t\t<\/div>\n\t\t<\/div>\n\t\t\t\t<div class=\"elementor-column elementor-col-50 elementor-top-column elementor-element elementor-element-017b815\" data-id=\"017b815\" data-element_type=\"column\">\n\t\t\t<div class=\"elementor-widget-wrap elementor-element-populated\">\n\t\t\t\t\t\t<div class=\"elementor-element elementor-element-25bc6fb elementor-widget elementor-widget-heading\" data-id=\"25bc6fb\" data-element_type=\"widget\" data-widget_type=\"heading.default\">\n\t\t\t\t\t<h2 class=\"elementor-heading-title elementor-size-default\">Desinstala\u00e7\u00e3o<\/h2>\t\t\t\t<\/div>\n\t\t\t\t<div class=\"elementor-element elementor-element-6f27866 elementor-widget__width-initial elementor-widget elementor-widget-text-editor\" data-id=\"6f27866\" data-element_type=\"widget\" data-widget_type=\"text-editor.default\">\n\t\t\t\t\t\t\t\t\t<h3>Reuni\u00e3o para discuiss\u00e3o do processo de desinstala\u00e7\u00e3o<\/h3><p>Vamos organizar uma reuni\u00e3o presencial ou remota inicial convocando todas as partes envolvidas na desinstala\u00e7\u00e3o para estabelecer um prazo para o projeto e rever os sistemas e equipamentos existentes. Ao discutir as complexidades da remo\u00e7\u00e3o, bem como a log\u00edstica e armazenamento nesta fase, ajudar\u00e1 a ilustrar quaisquer potenciais problemas ou obst\u00e1culos que possam surgir e ajudar a reduzir os riscos de impactos no sistema.<\/p><h4>Auditoria e invent\u00e1rio dos equipamentos de telecomunica\u00e7\u00f5es<\/h4><p>Os nossos especialistas trabalhar\u00e3o em estreita colabora\u00e7\u00e3o consigo para realizar uma auditoria detalhada do sistema e para ajudar a determinar a extens\u00e3o total da desinstala\u00e7\u00e3o.<\/p><h4>Analise no local das novas instala\u00e7\u00f5es (se necess\u00e1rio)<\/h4><p>Se necess\u00e1rio, ser\u00e1 realizado um levantamento do local para mapear a infraestrutura existente (incluindo cabos). A partir desta informa\u00e7\u00e3o, ser\u00e1 desenvolvido um plano abrangente para garantir uma desinstala\u00e7\u00e3o r\u00e1pida, segura e com o menor impacto possivel.<\/p><h4>Planeamento e agendamento<\/h4><p>O gestor do projeto de de desinstala\u00e7\u00e3o ir\u00e1 montar um plano, informar a equipa e executar os procedimentos consigo para garantir que todas as partes saibam exatamente o que \u00e9 e como a desinstala\u00e7\u00e3o ir\u00e1 ocorrer. Uma vez confirmado, ser\u00e1 implementado um hor\u00e1rio para que os trabalhos estejam prontos a come\u00e7ar.<\/p><h4>Remo\u00e7\u00e3o<\/h4><p>A desinstala\u00e7\u00e3o come\u00e7ar\u00e1. O seu equipamento de telecomunica\u00e7\u00f5es ser\u00e1 cuidadosamente desmontado, embalado e rotulado pela equipa de manuseamento.<\/p>\t\t\t\t\t\t\t\t<\/div>\n\t\t\t\t\t<\/div>\n\t\t<\/div>\n\t\t\t\t\t<\/div>\n\t\t<\/section>\n\t\t\t\t<\/div>","protected":false},"excerpt":{"rendered":"<p>Our team of experts can deinstall and create an inventory of your equipment. We are able to help with regards to planning, inventorying and carrying out decommissioning of telecommunication systems. Navigation Share this page Deinstallation Meet to discuss the deinstallation We will arrange an initial meeting or call with all parties involved in the deinstallation [&hellip;]<\/p>","protected":false},"author":1,"featured_media":0,"parent":18,"menu_order":0,"comment_status":"closed","ping_status":"closed","template":"","meta":{"_acf_changed":false,"footnotes":""},"class_list":["post-923","page","type-page","status-publish","hentry"],"acf":[],"yoast_head":"<!-- This site is optimized with the Yoast SEO Premium plugin v24.6 (Yoast SEO v24.6) - https:\/\/yoast.com\/wordpress\/plugins\/seo\/ -->\n<title>Deinstallation | Carritech<\/title>\n<meta name=\"robots\" content=\"index, follow, max-snippet:-1, max-image-preview:large, max-video-preview:-1\" \/>\n<link rel=\"canonical\" href=\"https:\/\/carritech.com\/support__trashed\/deinstallation\/\" \/>\n<meta property=\"og:locale\" content=\"pt_PT\" \/>\n<meta property=\"og:type\" content=\"article\" \/>\n<meta property=\"og:title\" content=\"Deinstallation\" \/>\n<meta property=\"og:description\" content=\"Our team of experts can deinstall and create an inventory of your equipment. We are able to help with regards to planning, inventorying and carrying out decommissioning of telecommunication systems. Navigation Share this page Deinstallation Meet to discuss the deinstallation We will arrange an initial meeting or call with all parties involved in the deinstallation [&hellip;]\" \/>\n<meta property=\"og:url\" content=\"https:\/\/carritech.com\/support__trashed\/deinstallation\/\" \/>\n<meta property=\"og:site_name\" content=\"Carritech\" \/>\n<meta property=\"article:publisher\" content=\"https:\/\/www.facebook.com\/Carritech-271429599884265\/\" \/>\n<meta property=\"article:modified_time\" content=\"2023-02-14T15:24:58+00:00\" \/>\n<meta property=\"og:image\" content=\"http:\/\/www.carritech.com\/wp-content\/uploads\/2023\/02\/deinstallation2.jpg\" \/>\n<meta name=\"twitter:card\" content=\"summary_large_image\" \/>\n<meta name=\"twitter:label1\" content=\"Tempo estimado de leitura\" \/>\n\t<meta name=\"twitter:data1\" content=\"2 minutos\" \/>\n<script type=\"application\/ld+json\" class=\"yoast-schema-graph\">{\"@context\":\"https:\/\/schema.org\",\"@graph\":[{\"@type\":\"WebPage\",\"@id\":\"https:\/\/carritech.com\/support__trashed\/deinstallation\/\",\"url\":\"https:\/\/carritech.com\/support__trashed\/deinstallation\/\",\"name\":\"Deinstallation | Carritech\",\"isPartOf\":{\"@id\":\"https:\/\/carritech.com\/#website\"},\"primaryImageOfPage\":{\"@id\":\"https:\/\/carritech.com\/support__trashed\/deinstallation\/#primaryimage\"},\"image\":{\"@id\":\"https:\/\/carritech.com\/support__trashed\/deinstallation\/#primaryimage\"},\"thumbnailUrl\":\"http:\/\/www.carritech.com\/wp-content\/uploads\/2023\/02\/deinstallation2.jpg\",\"datePublished\":\"2022-10-14T08:44:51+00:00\",\"dateModified\":\"2023-02-14T15:24:58+00:00\",\"breadcrumb\":{\"@id\":\"https:\/\/carritech.com\/support__trashed\/deinstallation\/#breadcrumb\"},\"inLanguage\":\"pt-PT\",\"potentialAction\":[{\"@type\":\"ReadAction\",\"target\":[\"https:\/\/carritech.com\/support__trashed\/deinstallation\/\"]}]},{\"@type\":\"ImageObject\",\"inLanguage\":\"pt-PT\",\"@id\":\"https:\/\/carritech.com\/support__trashed\/deinstallation\/#primaryimage\",\"url\":\"http:\/\/www.carritech.com\/wp-content\/uploads\/2023\/02\/deinstallation2.jpg\",\"contentUrl\":\"http:\/\/www.carritech.com\/wp-content\/uploads\/2023\/02\/deinstallation2.jpg\"},{\"@type\":\"BreadcrumbList\",\"@id\":\"https:\/\/carritech.com\/support__trashed\/deinstallation\/#breadcrumb\",\"itemListElement\":[{\"@type\":\"ListItem\",\"position\":1,\"name\":\"Home\",\"item\":\"https:\/\/carritech.com\/\"},{\"@type\":\"ListItem\",\"position\":2,\"name\":\"Support\",\"item\":\"https:\/\/carritech.com\/?page_id=18\"},{\"@type\":\"ListItem\",\"position\":3,\"name\":\"Deinstallation\"}]},{\"@type\":\"WebSite\",\"@id\":\"https:\/\/carritech.com\/#website\",\"url\":\"https:\/\/carritech.com\/\",\"name\":\"Carritech Telecommunications\",\"description\":\"A sustainable support solution for your telecoms network\",\"publisher\":{\"@id\":\"https:\/\/carritech.com\/#organization\"},\"alternateName\":\"Carritech\",\"potentialAction\":[{\"@type\":\"SearchAction\",\"target\":{\"@type\":\"EntryPoint\",\"urlTemplate\":\"https:\/\/carritech.com\/?s={search_term_string}\"},\"query-input\":{\"@type\":\"PropertyValueSpecification\",\"valueRequired\":true,\"valueName\":\"search_term_string\"}}],\"inLanguage\":\"pt-PT\"},{\"@type\":\"Organization\",\"@id\":\"https:\/\/carritech.com\/#organization\",\"name\":\"Carritech\",\"url\":\"https:\/\/carritech.com\/\",\"logo\":{\"@type\":\"ImageObject\",\"inLanguage\":\"pt-PT\",\"@id\":\"https:\/\/carritech.com\/#\/schema\/logo\/image\/\",\"url\":\"https:\/\/carritech.dfk-ms.info\/wp-content\/uploads\/2023\/01\/Carritech-Logo-without-sub-header.png\",\"contentUrl\":\"https:\/\/carritech.dfk-ms.info\/wp-content\/uploads\/2023\/01\/Carritech-Logo-without-sub-header.png\",\"width\":2628,\"height\":874,\"caption\":\"Carritech\"},\"image\":{\"@id\":\"https:\/\/carritech.com\/#\/schema\/logo\/image\/\"},\"sameAs\":[\"https:\/\/www.facebook.com\/Carritech-271429599884265\/\",\"https:\/\/www.linkedin.com\/company\/1678487\/\"]}]}<\/script>\n<!-- \/ Yoast SEO Premium plugin. -->","yoast_head_json":{"title":"Deinstallation | Carritech","robots":{"index":"index","follow":"follow","max-snippet":"max-snippet:-1","max-image-preview":"max-image-preview:large","max-video-preview":"max-video-preview:-1"},"canonical":"https:\/\/carritech.com\/support__trashed\/deinstallation\/","og_locale":"pt_PT","og_type":"article","og_title":"Deinstallation","og_description":"Our team of experts can deinstall and create an inventory of your equipment. We are able to help with regards to planning, inventorying and carrying out decommissioning of telecommunication systems. Navigation Share this page Deinstallation Meet to discuss the deinstallation We will arrange an initial meeting or call with all parties involved in the deinstallation [&hellip;]","og_url":"https:\/\/carritech.com\/support__trashed\/deinstallation\/","og_site_name":"Carritech","article_publisher":"https:\/\/www.facebook.com\/Carritech-271429599884265\/","article_modified_time":"2023-02-14T15:24:58+00:00","og_image":[{"url":"http:\/\/www.carritech.com\/wp-content\/uploads\/2023\/02\/deinstallation2.jpg","type":"","width":"","height":""}],"twitter_card":"summary_large_image","twitter_misc":{"Tempo estimado de leitura":"2 minutos"},"schema":{"@context":"https:\/\/schema.org","@graph":[{"@type":"WebPage","@id":"https:\/\/carritech.com\/support__trashed\/deinstallation\/","url":"https:\/\/carritech.com\/support__trashed\/deinstallation\/","name":"Deinstallation | Carritech","isPartOf":{"@id":"https:\/\/carritech.com\/#website"},"primaryImageOfPage":{"@id":"https:\/\/carritech.com\/support__trashed\/deinstallation\/#primaryimage"},"image":{"@id":"https:\/\/carritech.com\/support__trashed\/deinstallation\/#primaryimage"},"thumbnailUrl":"http:\/\/www.carritech.com\/wp-content\/uploads\/2023\/02\/deinstallation2.jpg","datePublished":"2022-10-14T08:44:51+00:00","dateModified":"2023-02-14T15:24:58+00:00","breadcrumb":{"@id":"https:\/\/carritech.com\/support__trashed\/deinstallation\/#breadcrumb"},"inLanguage":"pt-PT","potentialAction":[{"@type":"ReadAction","target":["https:\/\/carritech.com\/support__trashed\/deinstallation\/"]}]},{"@type":"ImageObject","inLanguage":"pt-PT","@id":"https:\/\/carritech.com\/support__trashed\/deinstallation\/#primaryimage","url":"http:\/\/www.carritech.com\/wp-content\/uploads\/2023\/02\/deinstallation2.jpg","contentUrl":"http:\/\/www.carritech.com\/wp-content\/uploads\/2023\/02\/deinstallation2.jpg"},{"@type":"BreadcrumbList","@id":"https:\/\/carritech.com\/support__trashed\/deinstallation\/#breadcrumb","itemListElement":[{"@type":"ListItem","position":1,"name":"Home","item":"https:\/\/carritech.com\/"},{"@type":"ListItem","position":2,"name":"Support","item":"https:\/\/carritech.com\/?page_id=18"},{"@type":"ListItem","position":3,"name":"Deinstallation"}]},{"@type":"WebSite","@id":"https:\/\/carritech.com\/#website","url":"https:\/\/carritech.com\/","name":"Carritech Telecommunications","description":"A sustainable support solution for your telecoms network","publisher":{"@id":"https:\/\/carritech.com\/#organization"},"alternateName":"Carritech","potentialAction":[{"@type":"SearchAction","target":{"@type":"EntryPoint","urlTemplate":"https:\/\/carritech.com\/?s={search_term_string}"},"query-input":{"@type":"PropertyValueSpecification","valueRequired":true,"valueName":"search_term_string"}}],"inLanguage":"pt-PT"},{"@type":"Organization","@id":"https:\/\/carritech.com\/#organization","name":"Carritech","url":"https:\/\/carritech.com\/","logo":{"@type":"ImageObject","inLanguage":"pt-PT","@id":"https:\/\/carritech.com\/#\/schema\/logo\/image\/","url":"https:\/\/carritech.dfk-ms.info\/wp-content\/uploads\/2023\/01\/Carritech-Logo-without-sub-header.png","contentUrl":"https:\/\/carritech.dfk-ms.info\/wp-content\/uploads\/2023\/01\/Carritech-Logo-without-sub-header.png","width":2628,"height":874,"caption":"Carritech"},"image":{"@id":"https:\/\/carritech.com\/#\/schema\/logo\/image\/"},"sameAs":["https:\/\/www.facebook.com\/Carritech-271429599884265\/","https:\/\/www.linkedin.com\/company\/1678487\/"]}]}},"_links":{"self":[{"href":"https:\/\/carritech.dfk-ms.info\/pt\/wp-json\/wp\/v2\/pages\/923","targetHints":{"allow":["GET"]}}],"collection":[{"href":"https:\/\/carritech.dfk-ms.info\/pt\/wp-json\/wp\/v2\/pages"}],"about":[{"href":"https:\/\/carritech.dfk-ms.info\/pt\/wp-json\/wp\/v2\/types\/page"}],"author":[{"embeddable":true,"href":"https:\/\/carritech.dfk-ms.info\/pt\/wp-json\/wp\/v2\/users\/1"}],"replies":[{"embeddable":true,"href":"https:\/\/carritech.dfk-ms.info\/pt\/wp-json\/wp\/v2\/comments?post=923"}],"version-history":[{"count":61,"href":"https:\/\/carritech.dfk-ms.info\/pt\/wp-json\/wp\/v2\/pages\/923\/revisions"}],"predecessor-version":[{"id":5304,"href":"https:\/\/carritech.dfk-ms.info\/pt\/wp-json\/wp\/v2\/pages\/923\/revisions\/5304"}],"up":[{"embeddable":true,"href":"https:\/\/carritech.dfk-ms.info\/pt\/wp-json\/wp\/v2\/pages\/18"}],"wp:attachment":[{"href":"https:\/\/carritech.dfk-ms.info\/pt\/wp-json\/wp\/v2\/media?parent=923"}],"curies":[{"name":"wp","href":"https:\/\/api.w.org\/{rel}","templated":true}]}}