{"id":32,"date":"2022-07-05T15:37:58","date_gmt":"2022-07-05T15:37:58","guid":{"rendered":"https:\/\/you-everywhere.online\/?page_id=32"},"modified":"2024-07-29T11:16:29","modified_gmt":"2024-07-29T11:16:29","slug":"certifications-accreditations","status":"publish","type":"page","link":"https:\/\/carritech.dfk-ms.info\/es\/company\/certifications-accreditations\/","title":{"rendered":"Certificaciones y acreditaciones"},"content":{"rendered":"<div data-elementor-type=\"wp-page\" data-elementor-id=\"32\" class=\"elementor elementor-32\" data-elementor-post-type=\"page\">\n\t\t\t\t\t\t<section class=\"elementor-section elementor-top-section elementor-element elementor-element-a4271b9 elementor-section-content-middle elementor-section-height-min-height elementor-section-boxed elementor-section-height-default elementor-section-items-middle\" data-id=\"a4271b9\" data-element_type=\"section\" data-settings=\"{&quot;background_background&quot;:&quot;gradient&quot;}\">\n\t\t\t\t\t\t\t<div class=\"elementor-background-overlay\"><\/div>\n\t\t\t\t\t\t\t<div class=\"elementor-container elementor-column-gap-no\">\n\t\t\t\t\t<div class=\"elementor-column elementor-col-100 elementor-top-column elementor-element elementor-element-678133d\" data-id=\"678133d\" data-element_type=\"column\">\n\t\t\t<div class=\"elementor-widget-wrap elementor-element-populated\">\n\t\t\t\t\t\t<section class=\"elementor-section elementor-inner-section elementor-element elementor-element-f1d1ae6 elementor-section-boxed elementor-section-height-default elementor-section-height-default\" data-id=\"f1d1ae6\" data-element_type=\"section\">\n\t\t\t\t\t\t<div class=\"elementor-container elementor-column-gap-default\">\n\t\t\t\t\t<div class=\"elementor-column elementor-col-50 elementor-inner-column elementor-element elementor-element-21251f6\" data-id=\"21251f6\" data-element_type=\"column\">\n\t\t\t<div class=\"elementor-widget-wrap elementor-element-populated\">\n\t\t\t\t\t\t<div class=\"elementor-element elementor-element-8d664ab elementor-invisible elementor-widget elementor-widget-heading\" data-id=\"8d664ab\" data-element_type=\"widget\" data-settings=\"{&quot;_animation&quot;:&quot;fadeInDown&quot;}\" data-widget_type=\"heading.default\">\n\t\t\t\t\t<h3 class=\"elementor-heading-title elementor-size-default\">Nuestras palabras est\u00e1n respaldadas por nuestras <b>acciones.<\/b>.\u200b<\/h3>\t\t\t\t<\/div>\n\t\t\t\t\t<\/div>\n\t\t<\/div>\n\t\t\t\t<div class=\"elementor-column elementor-col-50 elementor-inner-column elementor-element elementor-element-09a3a54 elementor-hidden-mobile\" data-id=\"09a3a54\" data-element_type=\"column\">\n\t\t\t<div class=\"elementor-widget-wrap\">\n\t\t\t\t\t\t\t<\/div>\n\t\t<\/div>\n\t\t\t\t\t<\/div>\n\t\t<\/section>\n\t\t\t\t\t<\/div>\n\t\t<\/div>\n\t\t\t\t\t<\/div>\n\t\t<\/section>\n\t\t\t\t<section class=\"elementor-section elementor-top-section elementor-element elementor-element-52e414b elementor-section-boxed elementor-section-height-default elementor-section-height-default\" data-id=\"52e414b\" data-element_type=\"section\" data-settings=\"{&quot;background_background&quot;:&quot;classic&quot;}\">\n\t\t\t\t\t\t<div class=\"elementor-container elementor-column-gap-default\">\n\t\t\t\t\t<div class=\"elementor-column elementor-col-100 elementor-top-column elementor-element elementor-element-2c4165d\" data-id=\"2c4165d\" data-element_type=\"column\">\n\t\t\t<div class=\"elementor-widget-wrap elementor-element-populated\">\n\t\t\t\t\t\t<div class=\"elementor-element elementor-element-a1a003b elementor-align-left elementor-widget elementor-widget-breadcrumbs\" data-id=\"a1a003b\" data-element_type=\"widget\" data-widget_type=\"breadcrumbs.default\">\n\t\t\t\t\t<p id=\"breadcrumbs\"><span><span><a href=\"https:\/\/carritech.com\/\">Home<\/a><\/span><\/span><\/p>\t\t\t\t<\/div>\n\t\t\t\t\t<\/div>\n\t\t<\/div>\n\t\t\t\t\t<\/div>\n\t\t<\/section>\n\t\t\t\t<section class=\"elementor-section elementor-top-section elementor-element elementor-element-ee38c94 elementor-reverse-mobile elementor-section-boxed elementor-section-height-default elementor-section-height-default\" data-id=\"ee38c94\" data-element_type=\"section\" data-settings=\"{&quot;background_background&quot;:&quot;classic&quot;}\">\n\t\t\t\t\t\t<div class=\"elementor-container elementor-column-gap-wide\">\n\t\t\t\t\t<div class=\"elementor-column elementor-col-50 elementor-top-column elementor-element elementor-element-f30209d\" data-id=\"f30209d\" data-element_type=\"column\" data-settings=\"{&quot;background_background&quot;:&quot;classic&quot;}\">\n\t\t\t<div class=\"elementor-widget-wrap elementor-element-populated\">\n\t\t\t\t\t<div class=\"elementor-background-overlay\"><\/div>\n\t\t\t\t\t\t<div class=\"elementor-element elementor-element-99ab671 elementor-widget elementor-widget-heading\" data-id=\"99ab671\" data-element_type=\"widget\" data-widget_type=\"heading.default\">\n\t\t\t\t\t<h2 class=\"elementor-heading-title elementor-size-default\">Navegaci\u00f3n <\/h2>\t\t\t\t<\/div>\n\t\t\t\t<div class=\"elementor-element elementor-element-f08c3d3 elementor-nav-menu--dropdown-none elementor-widget elementor-widget-nav-menu\" data-id=\"f08c3d3\" data-element_type=\"widget\" data-settings=\"{&quot;layout&quot;:&quot;vertical&quot;,&quot;submenu_icon&quot;:{&quot;value&quot;:&quot;&lt;i class=\\&quot;fas fa-caret-down\\&quot;&gt;&lt;\\\/i&gt;&quot;,&quot;library&quot;:&quot;fa-solid&quot;}}\" data-widget_type=\"nav-menu.default\">\n\t\t\t\t\t\t\t\t<nav aria-label=\"Men\u00fa\" class=\"elementor-nav-menu--main elementor-nav-menu__container elementor-nav-menu--layout-vertical e--pointer-underline e--animation-fade\">\n\t\t\t\t<ul id=\"menu-1-f08c3d3\" class=\"elementor-nav-menu sm-vertical\"><li class=\"menu-item menu-item-type-post_type menu-item-object-page menu-item-2728\"><a href=\"https:\/\/carritech.dfk-ms.info\/es\/company\/\" class=\"elementor-item\">Sobre nosotros<\/a><\/li>\n<li class=\"menu-item menu-item-type-post_type menu-item-object-page menu-item-2595\"><a href=\"https:\/\/carritech.dfk-ms.info\/es\/company\/why-choose-us\/\" class=\"elementor-item\">Por qu\u00e9 elegirnos<\/a><\/li>\n<li class=\"menu-item menu-item-type-post_type menu-item-object-page menu-item-2592\"><a href=\"https:\/\/carritech.dfk-ms.info\/es\/company\/certifications-accreditations\/\" class=\"elementor-item\">Certificaciones y acreditaciones<\/a><\/li>\n<li class=\"menu-item menu-item-type-post_type menu-item-object-page menu-item-2594\"><a href=\"https:\/\/carritech.dfk-ms.info\/es\/company\/case-studies\/\" class=\"elementor-item\">Casos de estudio<\/a><\/li>\n<li class=\"menu-item menu-item-type-post_type menu-item-object-page menu-item-2591\"><a href=\"https:\/\/carritech.dfk-ms.info\/es\/company\/careers\/\" class=\"elementor-item\">Ofertas de trabajo<\/a><\/li>\n<\/ul>\t\t\t<\/nav>\n\t\t\t\t\t\t<nav class=\"elementor-nav-menu--dropdown elementor-nav-menu__container\" aria-hidden=\"true\">\n\t\t\t\t<ul id=\"menu-2-f08c3d3\" class=\"elementor-nav-menu sm-vertical\"><li class=\"menu-item menu-item-type-post_type menu-item-object-page menu-item-2728\"><a href=\"https:\/\/carritech.dfk-ms.info\/es\/company\/\" class=\"elementor-item\" tabindex=\"-1\">Sobre nosotros<\/a><\/li>\n<li class=\"menu-item menu-item-type-post_type menu-item-object-page menu-item-2595\"><a href=\"https:\/\/carritech.dfk-ms.info\/es\/company\/why-choose-us\/\" class=\"elementor-item\" tabindex=\"-1\">Por qu\u00e9 elegirnos<\/a><\/li>\n<li class=\"menu-item menu-item-type-post_type menu-item-object-page menu-item-2592\"><a href=\"https:\/\/carritech.dfk-ms.info\/es\/company\/certifications-accreditations\/\" class=\"elementor-item\" tabindex=\"-1\">Certificaciones y acreditaciones<\/a><\/li>\n<li class=\"menu-item menu-item-type-post_type menu-item-object-page menu-item-2594\"><a href=\"https:\/\/carritech.dfk-ms.info\/es\/company\/case-studies\/\" class=\"elementor-item\" tabindex=\"-1\">Casos de estudio<\/a><\/li>\n<li class=\"menu-item menu-item-type-post_type menu-item-object-page menu-item-2591\"><a href=\"https:\/\/carritech.dfk-ms.info\/es\/company\/careers\/\" class=\"elementor-item\" tabindex=\"-1\">Ofertas de trabajo<\/a><\/li>\n<\/ul>\t\t\t<\/nav>\n\t\t\t\t\t\t<\/div>\n\t\t\t\t<div class=\"elementor-element elementor-element-3d0f1ea elementor-widget elementor-widget-heading\" data-id=\"3d0f1ea\" data-element_type=\"widget\" data-widget_type=\"heading.default\">\n\t\t\t\t\t<h2 class=\"elementor-heading-title elementor-size-default\">Compartir esta p\u00e1gina<\/h2>\t\t\t\t<\/div>\n\t\t\t\t<div class=\"elementor-element elementor-element-8027649 elementor-share-buttons--view-icon elementor-share-buttons--skin-gradient elementor-share-buttons--shape-square elementor-grid-0 elementor-share-buttons--color-official elementor-widget elementor-widget-share-buttons\" data-id=\"8027649\" data-element_type=\"widget\" data-widget_type=\"share-buttons.default\">\n\t\t\t\t\t\t\t<div class=\"elementor-grid\">\n\t\t\t\t\t\t\t\t<div class=\"elementor-grid-item\">\n\t\t\t\t\t\t<div\n\t\t\t\t\t\t\tclass=\"elementor-share-btn elementor-share-btn_facebook\"\n\t\t\t\t\t\t\trole=\"button\"\n\t\t\t\t\t\t\ttabindex=\"0\"\n\t\t\t\t\t\t\taria-label=\"Compartir en facebook\"\n\t\t\t\t\t\t>\n\t\t\t\t\t\t\t\t\t\t\t\t\t\t\t<span class=\"elementor-share-btn__icon\">\n\t\t\t\t\t\t\t\t<i class=\"fab fa-facebook\" aria-hidden=\"true\"><\/i>\t\t\t\t\t\t\t<\/span>\n\t\t\t\t\t\t\t\t\t\t\t\t\t\t\t\t\t\t\t\t<\/div>\n\t\t\t\t\t<\/div>\n\t\t\t\t\t\t\t\t\t<div class=\"elementor-grid-item\">\n\t\t\t\t\t\t<div\n\t\t\t\t\t\t\tclass=\"elementor-share-btn elementor-share-btn_twitter\"\n\t\t\t\t\t\t\trole=\"button\"\n\t\t\t\t\t\t\ttabindex=\"0\"\n\t\t\t\t\t\t\taria-label=\"Compartir en twitter\"\n\t\t\t\t\t\t>\n\t\t\t\t\t\t\t\t\t\t\t\t\t\t\t<span class=\"elementor-share-btn__icon\">\n\t\t\t\t\t\t\t\t<i class=\"fab fa-twitter\" aria-hidden=\"true\"><\/i>\t\t\t\t\t\t\t<\/span>\n\t\t\t\t\t\t\t\t\t\t\t\t\t\t\t\t\t\t\t\t<\/div>\n\t\t\t\t\t<\/div>\n\t\t\t\t\t\t\t\t\t<div class=\"elementor-grid-item\">\n\t\t\t\t\t\t<div\n\t\t\t\t\t\t\tclass=\"elementor-share-btn elementor-share-btn_linkedin\"\n\t\t\t\t\t\t\trole=\"button\"\n\t\t\t\t\t\t\ttabindex=\"0\"\n\t\t\t\t\t\t\taria-label=\"Compartir en linkedin\"\n\t\t\t\t\t\t>\n\t\t\t\t\t\t\t\t\t\t\t\t\t\t\t<span class=\"elementor-share-btn__icon\">\n\t\t\t\t\t\t\t\t<i class=\"fab fa-linkedin\" aria-hidden=\"true\"><\/i>\t\t\t\t\t\t\t<\/span>\n\t\t\t\t\t\t\t\t\t\t\t\t\t\t\t\t\t\t\t\t<\/div>\n\t\t\t\t\t<\/div>\n\t\t\t\t\t\t\t\t\t<div class=\"elementor-grid-item\">\n\t\t\t\t\t\t<div\n\t\t\t\t\t\t\tclass=\"elementor-share-btn elementor-share-btn_whatsapp\"\n\t\t\t\t\t\t\trole=\"button\"\n\t\t\t\t\t\t\ttabindex=\"0\"\n\t\t\t\t\t\t\taria-label=\"Compartir en whatsapp\"\n\t\t\t\t\t\t>\n\t\t\t\t\t\t\t\t\t\t\t\t\t\t\t<span class=\"elementor-share-btn__icon\">\n\t\t\t\t\t\t\t\t<i class=\"fab fa-whatsapp\" aria-hidden=\"true\"><\/i>\t\t\t\t\t\t\t<\/span>\n\t\t\t\t\t\t\t\t\t\t\t\t\t\t\t\t\t\t\t\t<\/div>\n\t\t\t\t\t<\/div>\n\t\t\t\t\t\t<\/div>\n\t\t\t\t\t\t<\/div>\n\t\t\t\t\t<\/div>\n\t\t<\/div>\n\t\t\t\t<div class=\"elementor-column elementor-col-50 elementor-top-column elementor-element elementor-element-5d06126\" data-id=\"5d06126\" data-element_type=\"column\">\n\t\t\t<div class=\"elementor-widget-wrap elementor-element-populated\">\n\t\t\t\t\t\t<div class=\"elementor-element elementor-element-4160d9c elementor-widget elementor-widget-text-editor\" data-id=\"4160d9c\" data-element_type=\"widget\" data-widget_type=\"text-editor.default\">\n\t\t\t\t\t\t\t\t\t<p>Nuestra Certificaci\u00f3n y Acreditaciones<\/p>\t\t\t\t\t\t\t\t<\/div>\n\t\t\t\t<div class=\"elementor-element elementor-element-72d7570 elementor-widget__width-initial elementor-widget elementor-widget-text-editor\" data-id=\"72d7570\" data-element_type=\"widget\" data-widget_type=\"text-editor.default\">\n\t\t\t\t\t\t\t\t\t<p>En Carritech, nuestra gerencia y trabajadores est\u00e1n impulsados por nuestras pr\u00e1cticas profesionales, \u00e9ticas y sostenibles. Estamos orgullosos de que nuestros esfuerzos sean reconocidos por algunos de los principales organismos de acreditaci\u00f3n de la industria.<\/p><p><strong>Disponemos de acreditaciones ISO 9001: 2015 e ISO 14001: 2015.<\/strong><\/p><p>En Carritech estamos orgullosos de tener nuestros sistemas de gesti\u00f3n de calidad y pr\u00e1cticas ambientales certificados por Alcumus ISOQAR Limited como compatibles con ISO 9001: 2015 y 14001: 2015.<\/p><p>Estas acreditaciones evidencian los esfuerzos continuos de nuestro personal y equipos de gesti\u00f3n, que est\u00e1n decididos a proporcionar el mejor servicio a cada cliente, a trav\u00e9s de procesos organizados, met\u00f3dicos, \u00e9ticos y sostenibles.<\/p>\t\t\t\t\t\t\t\t<\/div>\n\t\t\t\t<section class=\"elementor-section elementor-inner-section elementor-element elementor-element-11f9ef0 elementor-section-content-middle elementor-section-boxed elementor-section-height-default elementor-section-height-default\" data-id=\"11f9ef0\" data-element_type=\"section\">\n\t\t\t\t\t\t<div class=\"elementor-container elementor-column-gap-default\">\n\t\t\t\t\t<div class=\"elementor-column elementor-col-50 elementor-inner-column elementor-element elementor-element-140eb19\" data-id=\"140eb19\" data-element_type=\"column\">\n\t\t\t<div class=\"elementor-widget-wrap elementor-element-populated\">\n\t\t\t\t\t\t<div class=\"elementor-element elementor-element-433f268 elementor-widget__width-initial elementor-widget elementor-widget-image\" data-id=\"433f268\" data-element_type=\"widget\" data-widget_type=\"image.default\">\n\t\t\t\t\t\t\t\t\t\t\t\t\t\t\t\t<a href=\"https:\/\/www.carritech.com\/carritech-iso-certificates-uk-spain\/\">\n\t\t\t\t\t\t\t<img fetchpriority=\"high\" decoding=\"async\" width=\"500\" height=\"500\" src=\"https:\/\/carritech.dfk-ms.info\/wp-content\/uploads\/2023\/01\/ISOQAR-ISO-9001-seal-2.png\" class=\"attachment-large size-large wp-image-6616\" alt=\"\" srcset=\"https:\/\/carritech.dfk-ms.info\/wp-content\/uploads\/2023\/01\/ISOQAR-ISO-9001-seal-2.png 500w, https:\/\/carritech.dfk-ms.info\/wp-content\/uploads\/2023\/01\/ISOQAR-ISO-9001-seal-2-300x300.png 300w, https:\/\/carritech.dfk-ms.info\/wp-content\/uploads\/2023\/01\/ISOQAR-ISO-9001-seal-2-150x150.png 150w, https:\/\/carritech.dfk-ms.info\/wp-content\/uploads\/2023\/01\/ISOQAR-ISO-9001-seal-2-12x12.png 12w, https:\/\/carritech.dfk-ms.info\/wp-content\/uploads\/2023\/01\/ISOQAR-ISO-9001-seal-2-100x100.png 100w\" sizes=\"(max-width: 500px) 100vw, 500px\" \/>\t\t\t\t\t\t\t\t<\/a>\n\t\t\t\t\t\t\t\t\t\t\t\t\t\t\t<\/div>\n\t\t\t\t<div class=\"elementor-element elementor-element-b0a0c3c elementor-widget__width-initial elementor-widget elementor-widget-image\" data-id=\"b0a0c3c\" data-element_type=\"widget\" data-widget_type=\"image.default\">\n\t\t\t\t\t\t\t\t\t\t\t\t\t\t\t\t<a href=\"https:\/\/www.carritech.com\/carritech-iso-certificates-uk-spain\/\">\n\t\t\t\t\t\t\t<img decoding=\"async\" width=\"500\" height=\"500\" src=\"https:\/\/carritech.dfk-ms.info\/wp-content\/uploads\/2023\/01\/ISOQAR-ISO-14001-seal-2.png\" class=\"attachment-large size-large wp-image-6617\" alt=\"\" srcset=\"https:\/\/carritech.dfk-ms.info\/wp-content\/uploads\/2023\/01\/ISOQAR-ISO-14001-seal-2.png 500w, https:\/\/carritech.dfk-ms.info\/wp-content\/uploads\/2023\/01\/ISOQAR-ISO-14001-seal-2-300x300.png 300w, https:\/\/carritech.dfk-ms.info\/wp-content\/uploads\/2023\/01\/ISOQAR-ISO-14001-seal-2-150x150.png 150w, https:\/\/carritech.dfk-ms.info\/wp-content\/uploads\/2023\/01\/ISOQAR-ISO-14001-seal-2-12x12.png 12w, https:\/\/carritech.dfk-ms.info\/wp-content\/uploads\/2023\/01\/ISOQAR-ISO-14001-seal-2-100x100.png 100w\" sizes=\"(max-width: 500px) 100vw, 500px\" \/>\t\t\t\t\t\t\t\t<\/a>\n\t\t\t\t\t\t\t\t\t\t\t\t\t\t\t<\/div>\n\t\t\t\t\t<\/div>\n\t\t<\/div>\n\t\t\t\t<div class=\"elementor-column elementor-col-50 elementor-inner-column elementor-element elementor-element-6d14293\" data-id=\"6d14293\" data-element_type=\"column\">\n\t\t\t<div class=\"elementor-widget-wrap\">\n\t\t\t\t\t\t\t<\/div>\n\t\t<\/div>\n\t\t\t\t\t<\/div>\n\t\t<\/section>\n\t\t\t\t\t<\/div>\n\t\t<\/div>\n\t\t\t\t\t<\/div>\n\t\t<\/section>\n\t\t\t\t<\/div>","protected":false},"excerpt":{"rendered":"<p>Our words are backed by our actions.\u200b Navigation Share this page Our Certification &amp; Accreditations At Carritech, our management and staff are driven by our professional, ethical and sustainable business practices and are proud to have our efforts recognized by some of the industry\u2019s leading accreditation bodies. We are fully ISO 9001:2015 &amp; ISO 14001:2015 [&hellip;]<\/p>","protected":false},"author":1,"featured_media":0,"parent":14,"menu_order":0,"comment_status":"closed","ping_status":"closed","template":"","meta":{"_acf_changed":false,"footnotes":""},"class_list":["post-32","page","type-page","status-publish","hentry"],"acf":[],"yoast_head":"<!-- This site is optimized with the Yoast SEO Premium plugin v24.6 (Yoast SEO v24.6) - https:\/\/yoast.com\/wordpress\/plugins\/seo\/ -->\n<title>Certifications &amp; Accreditations | Carritech<\/title>\n<meta name=\"robots\" content=\"index, follow, max-snippet:-1, max-image-preview:large, max-video-preview:-1\" \/>\n<link rel=\"canonical\" href=\"https:\/\/carritech.com\/company\/certifications-accreditations\/\" \/>\n<meta property=\"og:locale\" content=\"es_ES\" \/>\n<meta property=\"og:type\" content=\"article\" \/>\n<meta property=\"og:title\" content=\"Certifications &amp; Accreditations\" \/>\n<meta property=\"og:description\" content=\"Our words are backed by our actions.\u200b Navigation Share this page Our Certification &amp; Accreditations At Carritech, our management and staff are driven by our professional, ethical and sustainable business practices and are proud to have our efforts recognized by some of the industry\u2019s leading accreditation bodies. We are fully ISO 9001:2015 &amp; ISO 14001:2015 [&hellip;]\" \/>\n<meta property=\"og:url\" content=\"https:\/\/carritech.com\/company\/certifications-accreditations\/\" \/>\n<meta property=\"og:site_name\" content=\"Carritech\" \/>\n<meta property=\"article:publisher\" content=\"https:\/\/www.facebook.com\/Carritech-271429599884265\/\" \/>\n<meta property=\"article:modified_time\" content=\"2024-07-29T11:16:29+00:00\" \/>\n<meta property=\"og:image\" content=\"https:\/\/carritech.com\/wp-content\/uploads\/2023\/01\/ISOQAR-ISO-9001-seal-2.png\" \/>\n<meta name=\"twitter:card\" content=\"summary_large_image\" \/>\n<meta name=\"twitter:label1\" content=\"Tiempo de lectura\" \/>\n\t<meta name=\"twitter:data1\" content=\"1 minuto\" \/>\n<script type=\"application\/ld+json\" class=\"yoast-schema-graph\">{\"@context\":\"https:\/\/schema.org\",\"@graph\":[{\"@type\":\"WebPage\",\"@id\":\"https:\/\/carritech.com\/company\/certifications-accreditations\/\",\"url\":\"https:\/\/carritech.com\/company\/certifications-accreditations\/\",\"name\":\"Certifications & Accreditations | Carritech\",\"isPartOf\":{\"@id\":\"https:\/\/carritech.com\/#website\"},\"primaryImageOfPage\":{\"@id\":\"https:\/\/carritech.com\/company\/certifications-accreditations\/#primaryimage\"},\"image\":{\"@id\":\"https:\/\/carritech.com\/company\/certifications-accreditations\/#primaryimage\"},\"thumbnailUrl\":\"https:\/\/carritech.com\/wp-content\/uploads\/2023\/01\/ISOQAR-ISO-9001-seal-2.png\",\"datePublished\":\"2022-07-05T15:37:58+00:00\",\"dateModified\":\"2024-07-29T11:16:29+00:00\",\"breadcrumb\":{\"@id\":\"https:\/\/carritech.com\/company\/certifications-accreditations\/#breadcrumb\"},\"inLanguage\":\"es\",\"potentialAction\":[{\"@type\":\"ReadAction\",\"target\":[\"https:\/\/carritech.com\/company\/certifications-accreditations\/\"]}]},{\"@type\":\"ImageObject\",\"inLanguage\":\"es\",\"@id\":\"https:\/\/carritech.com\/company\/certifications-accreditations\/#primaryimage\",\"url\":\"https:\/\/carritech.com\/wp-content\/uploads\/2023\/01\/ISOQAR-ISO-9001-seal-2.png\",\"contentUrl\":\"https:\/\/carritech.com\/wp-content\/uploads\/2023\/01\/ISOQAR-ISO-9001-seal-2.png\"},{\"@type\":\"BreadcrumbList\",\"@id\":\"https:\/\/carritech.com\/company\/certifications-accreditations\/#breadcrumb\",\"itemListElement\":[{\"@type\":\"ListItem\",\"position\":1,\"name\":\"Home\",\"item\":\"https:\/\/carritech.com\/\"},{\"@type\":\"ListItem\",\"position\":2,\"name\":\"Company\",\"item\":\"https:\/\/carritech.com\/company\/\"},{\"@type\":\"ListItem\",\"position\":3,\"name\":\"Certifications &#038; Accreditations\"}]},{\"@type\":\"WebSite\",\"@id\":\"https:\/\/carritech.com\/#website\",\"url\":\"https:\/\/carritech.com\/\",\"name\":\"Carritech Telecommunications\",\"description\":\"A sustainable support solution for your telecoms network\",\"publisher\":{\"@id\":\"https:\/\/carritech.com\/#organization\"},\"alternateName\":\"Carritech\",\"potentialAction\":[{\"@type\":\"SearchAction\",\"target\":{\"@type\":\"EntryPoint\",\"urlTemplate\":\"https:\/\/carritech.com\/?s={search_term_string}\"},\"query-input\":{\"@type\":\"PropertyValueSpecification\",\"valueRequired\":true,\"valueName\":\"search_term_string\"}}],\"inLanguage\":\"es\"},{\"@type\":\"Organization\",\"@id\":\"https:\/\/carritech.com\/#organization\",\"name\":\"Carritech\",\"url\":\"https:\/\/carritech.com\/\",\"logo\":{\"@type\":\"ImageObject\",\"inLanguage\":\"es\",\"@id\":\"https:\/\/carritech.com\/#\/schema\/logo\/image\/\",\"url\":\"https:\/\/carritech.dfk-ms.info\/wp-content\/uploads\/2023\/01\/Carritech-Logo-without-sub-header.png\",\"contentUrl\":\"https:\/\/carritech.dfk-ms.info\/wp-content\/uploads\/2023\/01\/Carritech-Logo-without-sub-header.png\",\"width\":2628,\"height\":874,\"caption\":\"Carritech\"},\"image\":{\"@id\":\"https:\/\/carritech.com\/#\/schema\/logo\/image\/\"},\"sameAs\":[\"https:\/\/www.facebook.com\/Carritech-271429599884265\/\",\"https:\/\/www.linkedin.com\/company\/1678487\/\"]}]}<\/script>\n<!-- \/ Yoast SEO Premium plugin. -->","yoast_head_json":{"title":"Certifications & Accreditations | Carritech","robots":{"index":"index","follow":"follow","max-snippet":"max-snippet:-1","max-image-preview":"max-image-preview:large","max-video-preview":"max-video-preview:-1"},"canonical":"https:\/\/carritech.com\/company\/certifications-accreditations\/","og_locale":"es_ES","og_type":"article","og_title":"Certifications & Accreditations","og_description":"Our words are backed by our actions.\u200b Navigation Share this page Our Certification &amp; Accreditations At Carritech, our management and staff are driven by our professional, ethical and sustainable business practices and are proud to have our efforts recognized by some of the industry\u2019s leading accreditation bodies. We are fully ISO 9001:2015 &amp; ISO 14001:2015 [&hellip;]","og_url":"https:\/\/carritech.com\/company\/certifications-accreditations\/","og_site_name":"Carritech","article_publisher":"https:\/\/www.facebook.com\/Carritech-271429599884265\/","article_modified_time":"2024-07-29T11:16:29+00:00","og_image":[{"url":"https:\/\/carritech.com\/wp-content\/uploads\/2023\/01\/ISOQAR-ISO-9001-seal-2.png","type":"","width":"","height":""}],"twitter_card":"summary_large_image","twitter_misc":{"Tiempo de lectura":"1 minuto"},"schema":{"@context":"https:\/\/schema.org","@graph":[{"@type":"WebPage","@id":"https:\/\/carritech.com\/company\/certifications-accreditations\/","url":"https:\/\/carritech.com\/company\/certifications-accreditations\/","name":"Certifications & Accreditations | Carritech","isPartOf":{"@id":"https:\/\/carritech.com\/#website"},"primaryImageOfPage":{"@id":"https:\/\/carritech.com\/company\/certifications-accreditations\/#primaryimage"},"image":{"@id":"https:\/\/carritech.com\/company\/certifications-accreditations\/#primaryimage"},"thumbnailUrl":"https:\/\/carritech.com\/wp-content\/uploads\/2023\/01\/ISOQAR-ISO-9001-seal-2.png","datePublished":"2022-07-05T15:37:58+00:00","dateModified":"2024-07-29T11:16:29+00:00","breadcrumb":{"@id":"https:\/\/carritech.com\/company\/certifications-accreditations\/#breadcrumb"},"inLanguage":"es","potentialAction":[{"@type":"ReadAction","target":["https:\/\/carritech.com\/company\/certifications-accreditations\/"]}]},{"@type":"ImageObject","inLanguage":"es","@id":"https:\/\/carritech.com\/company\/certifications-accreditations\/#primaryimage","url":"https:\/\/carritech.com\/wp-content\/uploads\/2023\/01\/ISOQAR-ISO-9001-seal-2.png","contentUrl":"https:\/\/carritech.com\/wp-content\/uploads\/2023\/01\/ISOQAR-ISO-9001-seal-2.png"},{"@type":"BreadcrumbList","@id":"https:\/\/carritech.com\/company\/certifications-accreditations\/#breadcrumb","itemListElement":[{"@type":"ListItem","position":1,"name":"Home","item":"https:\/\/carritech.com\/"},{"@type":"ListItem","position":2,"name":"Company","item":"https:\/\/carritech.com\/company\/"},{"@type":"ListItem","position":3,"name":"Certifications &#038; Accreditations"}]},{"@type":"WebSite","@id":"https:\/\/carritech.com\/#website","url":"https:\/\/carritech.com\/","name":"Carritech Telecommunications","description":"A sustainable support solution for your telecoms network","publisher":{"@id":"https:\/\/carritech.com\/#organization"},"alternateName":"Carritech","potentialAction":[{"@type":"SearchAction","target":{"@type":"EntryPoint","urlTemplate":"https:\/\/carritech.com\/?s={search_term_string}"},"query-input":{"@type":"PropertyValueSpecification","valueRequired":true,"valueName":"search_term_string"}}],"inLanguage":"es"},{"@type":"Organization","@id":"https:\/\/carritech.com\/#organization","name":"Carritech","url":"https:\/\/carritech.com\/","logo":{"@type":"ImageObject","inLanguage":"es","@id":"https:\/\/carritech.com\/#\/schema\/logo\/image\/","url":"https:\/\/carritech.dfk-ms.info\/wp-content\/uploads\/2023\/01\/Carritech-Logo-without-sub-header.png","contentUrl":"https:\/\/carritech.dfk-ms.info\/wp-content\/uploads\/2023\/01\/Carritech-Logo-without-sub-header.png","width":2628,"height":874,"caption":"Carritech"},"image":{"@id":"https:\/\/carritech.com\/#\/schema\/logo\/image\/"},"sameAs":["https:\/\/www.facebook.com\/Carritech-271429599884265\/","https:\/\/www.linkedin.com\/company\/1678487\/"]}]}},"_links":{"self":[{"href":"https:\/\/carritech.dfk-ms.info\/es\/wp-json\/wp\/v2\/pages\/32","targetHints":{"allow":["GET"]}}],"collection":[{"href":"https:\/\/carritech.dfk-ms.info\/es\/wp-json\/wp\/v2\/pages"}],"about":[{"href":"https:\/\/carritech.dfk-ms.info\/es\/wp-json\/wp\/v2\/types\/page"}],"author":[{"embeddable":true,"href":"https:\/\/carritech.dfk-ms.info\/es\/wp-json\/wp\/v2\/users\/1"}],"replies":[{"embeddable":true,"href":"https:\/\/carritech.dfk-ms.info\/es\/wp-json\/wp\/v2\/comments?post=32"}],"version-history":[{"count":3,"href":"https:\/\/carritech.dfk-ms.info\/es\/wp-json\/wp\/v2\/pages\/32\/revisions"}],"predecessor-version":[{"id":49163,"href":"https:\/\/carritech.dfk-ms.info\/es\/wp-json\/wp\/v2\/pages\/32\/revisions\/49163"}],"up":[{"embeddable":true,"href":"https:\/\/carritech.dfk-ms.info\/es\/wp-json\/wp\/v2\/pages\/14"}],"wp:attachment":[{"href":"https:\/\/carritech.dfk-ms.info\/es\/wp-json\/wp\/v2\/media?parent=32"}],"curies":[{"name":"wp","href":"https:\/\/api.w.org\/{rel}","templated":true}]}}