{"id":26,"date":"2022-07-05T15:35:08","date_gmt":"2022-07-05T15:35:08","guid":{"rendered":"https:\/\/you-everywhere.online\/?page_id=26"},"modified":"2023-08-02T09:48:28","modified_gmt":"2023-08-02T09:48:28","slug":"why-choose-us","status":"publish","type":"page","link":"https:\/\/carritech.dfk-ms.info\/es\/company\/why-choose-us\/","title":{"rendered":"Por qu\u00e9 elegirnos"},"content":{"rendered":"<div data-elementor-type=\"wp-page\" data-elementor-id=\"26\" class=\"elementor elementor-26\" data-elementor-post-type=\"page\">\n\t\t\t\t\t\t<section class=\"elementor-section elementor-top-section elementor-element elementor-element-fc35364 elementor-section-content-middle elementor-section-height-min-height elementor-section-boxed elementor-section-height-default elementor-section-items-middle\" data-id=\"fc35364\" data-element_type=\"section\" data-settings=\"{&quot;background_background&quot;:&quot;gradient&quot;}\">\n\t\t\t\t\t\t\t<div class=\"elementor-background-overlay\"><\/div>\n\t\t\t\t\t\t\t<div class=\"elementor-container elementor-column-gap-no\">\n\t\t\t\t\t<div class=\"elementor-column elementor-col-100 elementor-top-column elementor-element elementor-element-9b152b9\" data-id=\"9b152b9\" data-element_type=\"column\">\n\t\t\t<div class=\"elementor-widget-wrap elementor-element-populated\">\n\t\t\t\t\t\t<section class=\"elementor-section elementor-inner-section elementor-element elementor-element-2e83329 elementor-section-boxed elementor-section-height-default elementor-section-height-default\" data-id=\"2e83329\" data-element_type=\"section\">\n\t\t\t\t\t\t<div class=\"elementor-container elementor-column-gap-default\">\n\t\t\t\t\t<div class=\"elementor-column elementor-col-50 elementor-inner-column elementor-element elementor-element-f4dc3e8\" data-id=\"f4dc3e8\" data-element_type=\"column\">\n\t\t\t<div class=\"elementor-widget-wrap elementor-element-populated\">\n\t\t\t\t\t\t<div class=\"elementor-element elementor-element-06a307b elementor-invisible elementor-widget elementor-widget-heading\" data-id=\"06a307b\" data-element_type=\"widget\" data-settings=\"{&quot;_animation&quot;:&quot;fadeInDown&quot;}\" data-widget_type=\"heading.default\">\n\t\t\t\t\t<h3 class=\"elementor-heading-title elementor-size-default\">Cuando se trata de telecomunicaciones EOL, hacemos las cosas de manera <b>diferente<\/b>.<\/h3>\t\t\t\t<\/div>\n\t\t\t\t\t<\/div>\n\t\t<\/div>\n\t\t\t\t<div class=\"elementor-column elementor-col-50 elementor-inner-column elementor-element elementor-element-f004fe5 elementor-hidden-mobile\" data-id=\"f004fe5\" data-element_type=\"column\">\n\t\t\t<div class=\"elementor-widget-wrap\">\n\t\t\t\t\t\t\t<\/div>\n\t\t<\/div>\n\t\t\t\t\t<\/div>\n\t\t<\/section>\n\t\t\t\t\t<\/div>\n\t\t<\/div>\n\t\t\t\t\t<\/div>\n\t\t<\/section>\n\t\t\t\t<section class=\"elementor-section elementor-top-section elementor-element elementor-element-06e4a5c elementor-section-boxed elementor-section-height-default elementor-section-height-default\" data-id=\"06e4a5c\" data-element_type=\"section\" data-settings=\"{&quot;background_background&quot;:&quot;classic&quot;}\">\n\t\t\t\t\t\t<div class=\"elementor-container elementor-column-gap-default\">\n\t\t\t\t\t<div class=\"elementor-column elementor-col-100 elementor-top-column elementor-element elementor-element-c9d2f99\" data-id=\"c9d2f99\" data-element_type=\"column\">\n\t\t\t<div class=\"elementor-widget-wrap elementor-element-populated\">\n\t\t\t\t\t\t<div class=\"elementor-element elementor-element-1e1381a elementor-align-left elementor-widget elementor-widget-breadcrumbs\" data-id=\"1e1381a\" data-element_type=\"widget\" data-widget_type=\"breadcrumbs.default\">\n\t\t\t\t\t<p id=\"breadcrumbs\"><span><span><a href=\"https:\/\/carritech.com\/\">Home<\/a><\/span><\/span><\/p>\t\t\t\t<\/div>\n\t\t\t\t\t<\/div>\n\t\t<\/div>\n\t\t\t\t\t<\/div>\n\t\t<\/section>\n\t\t\t\t<section class=\"elementor-section elementor-top-section elementor-element elementor-element-31aed39 elementor-reverse-mobile elementor-section-boxed elementor-section-height-default elementor-section-height-default\" data-id=\"31aed39\" data-element_type=\"section\" data-settings=\"{&quot;background_background&quot;:&quot;classic&quot;}\">\n\t\t\t\t\t\t<div class=\"elementor-container elementor-column-gap-wider\">\n\t\t\t\t\t<div class=\"elementor-column elementor-col-50 elementor-top-column elementor-element elementor-element-d69b041\" data-id=\"d69b041\" data-element_type=\"column\" data-settings=\"{&quot;background_background&quot;:&quot;classic&quot;}\">\n\t\t\t<div class=\"elementor-widget-wrap elementor-element-populated\">\n\t\t\t\t\t<div class=\"elementor-background-overlay\"><\/div>\n\t\t\t\t\t\t<div class=\"elementor-element elementor-element-cfd910f elementor-widget elementor-widget-heading\" data-id=\"cfd910f\" data-element_type=\"widget\" data-widget_type=\"heading.default\">\n\t\t\t\t\t<h2 class=\"elementor-heading-title elementor-size-default\">Navegaci\u00f3n <\/h2>\t\t\t\t<\/div>\n\t\t\t\t<div class=\"elementor-element elementor-element-f5a4d7d elementor-nav-menu--dropdown-none elementor-widget elementor-widget-nav-menu\" data-id=\"f5a4d7d\" data-element_type=\"widget\" data-settings=\"{&quot;layout&quot;:&quot;vertical&quot;,&quot;submenu_icon&quot;:{&quot;value&quot;:&quot;&lt;i class=\\&quot;fas fa-caret-down\\&quot;&gt;&lt;\\\/i&gt;&quot;,&quot;library&quot;:&quot;fa-solid&quot;}}\" data-widget_type=\"nav-menu.default\">\n\t\t\t\t\t\t\t\t<nav aria-label=\"Men\u00fa\" class=\"elementor-nav-menu--main elementor-nav-menu__container elementor-nav-menu--layout-vertical e--pointer-underline e--animation-fade\">\n\t\t\t\t<ul id=\"menu-1-f5a4d7d\" class=\"elementor-nav-menu sm-vertical\"><li class=\"menu-item menu-item-type-post_type menu-item-object-page menu-item-2728\"><a href=\"https:\/\/carritech.dfk-ms.info\/es\/company\/\" class=\"elementor-item\">Sobre nosotros<\/a><\/li>\n<li class=\"menu-item menu-item-type-post_type menu-item-object-page menu-item-2595\"><a href=\"https:\/\/carritech.dfk-ms.info\/es\/company\/why-choose-us\/\" class=\"elementor-item\">Por qu\u00e9 elegirnos<\/a><\/li>\n<li class=\"menu-item menu-item-type-post_type menu-item-object-page menu-item-2592\"><a href=\"https:\/\/carritech.dfk-ms.info\/es\/company\/certifications-accreditations\/\" class=\"elementor-item\">Certificaciones y acreditaciones<\/a><\/li>\n<li class=\"menu-item menu-item-type-post_type menu-item-object-page menu-item-2594\"><a href=\"https:\/\/carritech.dfk-ms.info\/es\/company\/case-studies\/\" class=\"elementor-item\">Casos de estudio<\/a><\/li>\n<li class=\"menu-item menu-item-type-post_type menu-item-object-page menu-item-2591\"><a href=\"https:\/\/carritech.dfk-ms.info\/es\/company\/careers\/\" class=\"elementor-item\">Ofertas de trabajo<\/a><\/li>\n<\/ul>\t\t\t<\/nav>\n\t\t\t\t\t\t<nav class=\"elementor-nav-menu--dropdown elementor-nav-menu__container\" aria-hidden=\"true\">\n\t\t\t\t<ul id=\"menu-2-f5a4d7d\" class=\"elementor-nav-menu sm-vertical\"><li class=\"menu-item menu-item-type-post_type menu-item-object-page menu-item-2728\"><a href=\"https:\/\/carritech.dfk-ms.info\/es\/company\/\" class=\"elementor-item\" tabindex=\"-1\">Sobre nosotros<\/a><\/li>\n<li class=\"menu-item menu-item-type-post_type menu-item-object-page menu-item-2595\"><a href=\"https:\/\/carritech.dfk-ms.info\/es\/company\/why-choose-us\/\" class=\"elementor-item\" tabindex=\"-1\">Por qu\u00e9 elegirnos<\/a><\/li>\n<li class=\"menu-item menu-item-type-post_type menu-item-object-page menu-item-2592\"><a href=\"https:\/\/carritech.dfk-ms.info\/es\/company\/certifications-accreditations\/\" class=\"elementor-item\" tabindex=\"-1\">Certificaciones y acreditaciones<\/a><\/li>\n<li class=\"menu-item menu-item-type-post_type menu-item-object-page menu-item-2594\"><a href=\"https:\/\/carritech.dfk-ms.info\/es\/company\/case-studies\/\" class=\"elementor-item\" tabindex=\"-1\">Casos de estudio<\/a><\/li>\n<li class=\"menu-item menu-item-type-post_type menu-item-object-page menu-item-2591\"><a href=\"https:\/\/carritech.dfk-ms.info\/es\/company\/careers\/\" class=\"elementor-item\" tabindex=\"-1\">Ofertas de trabajo<\/a><\/li>\n<\/ul>\t\t\t<\/nav>\n\t\t\t\t\t\t<\/div>\n\t\t\t\t<div class=\"elementor-element elementor-element-684b72a elementor-widget elementor-widget-heading\" data-id=\"684b72a\" data-element_type=\"widget\" data-widget_type=\"heading.default\">\n\t\t\t\t\t<h2 class=\"elementor-heading-title elementor-size-default\">Compartir esta p\u00e1gina<\/h2>\t\t\t\t<\/div>\n\t\t\t\t<div class=\"elementor-element elementor-element-e50a06f elementor-share-buttons--view-icon elementor-share-buttons--skin-gradient elementor-share-buttons--shape-square elementor-grid-0 elementor-share-buttons--color-official elementor-widget elementor-widget-share-buttons\" data-id=\"e50a06f\" data-element_type=\"widget\" data-widget_type=\"share-buttons.default\">\n\t\t\t\t\t\t\t<div class=\"elementor-grid\">\n\t\t\t\t\t\t\t\t<div class=\"elementor-grid-item\">\n\t\t\t\t\t\t<div\n\t\t\t\t\t\t\tclass=\"elementor-share-btn elementor-share-btn_facebook\"\n\t\t\t\t\t\t\trole=\"button\"\n\t\t\t\t\t\t\ttabindex=\"0\"\n\t\t\t\t\t\t\taria-label=\"Compartir en facebook\"\n\t\t\t\t\t\t>\n\t\t\t\t\t\t\t\t\t\t\t\t\t\t\t<span class=\"elementor-share-btn__icon\">\n\t\t\t\t\t\t\t\t<i class=\"fab fa-facebook\" aria-hidden=\"true\"><\/i>\t\t\t\t\t\t\t<\/span>\n\t\t\t\t\t\t\t\t\t\t\t\t\t\t\t\t\t\t\t\t<\/div>\n\t\t\t\t\t<\/div>\n\t\t\t\t\t\t\t\t\t<div class=\"elementor-grid-item\">\n\t\t\t\t\t\t<div\n\t\t\t\t\t\t\tclass=\"elementor-share-btn elementor-share-btn_twitter\"\n\t\t\t\t\t\t\trole=\"button\"\n\t\t\t\t\t\t\ttabindex=\"0\"\n\t\t\t\t\t\t\taria-label=\"Compartir en twitter\"\n\t\t\t\t\t\t>\n\t\t\t\t\t\t\t\t\t\t\t\t\t\t\t<span class=\"elementor-share-btn__icon\">\n\t\t\t\t\t\t\t\t<i class=\"fab fa-twitter\" aria-hidden=\"true\"><\/i>\t\t\t\t\t\t\t<\/span>\n\t\t\t\t\t\t\t\t\t\t\t\t\t\t\t\t\t\t\t\t<\/div>\n\t\t\t\t\t<\/div>\n\t\t\t\t\t\t\t\t\t<div class=\"elementor-grid-item\">\n\t\t\t\t\t\t<div\n\t\t\t\t\t\t\tclass=\"elementor-share-btn elementor-share-btn_linkedin\"\n\t\t\t\t\t\t\trole=\"button\"\n\t\t\t\t\t\t\ttabindex=\"0\"\n\t\t\t\t\t\t\taria-label=\"Compartir en linkedin\"\n\t\t\t\t\t\t>\n\t\t\t\t\t\t\t\t\t\t\t\t\t\t\t<span class=\"elementor-share-btn__icon\">\n\t\t\t\t\t\t\t\t<i class=\"fab fa-linkedin\" aria-hidden=\"true\"><\/i>\t\t\t\t\t\t\t<\/span>\n\t\t\t\t\t\t\t\t\t\t\t\t\t\t\t\t\t\t\t\t<\/div>\n\t\t\t\t\t<\/div>\n\t\t\t\t\t\t\t\t\t<div class=\"elementor-grid-item\">\n\t\t\t\t\t\t<div\n\t\t\t\t\t\t\tclass=\"elementor-share-btn elementor-share-btn_whatsapp\"\n\t\t\t\t\t\t\trole=\"button\"\n\t\t\t\t\t\t\ttabindex=\"0\"\n\t\t\t\t\t\t\taria-label=\"Compartir en whatsapp\"\n\t\t\t\t\t\t>\n\t\t\t\t\t\t\t\t\t\t\t\t\t\t\t<span class=\"elementor-share-btn__icon\">\n\t\t\t\t\t\t\t\t<i class=\"fab fa-whatsapp\" aria-hidden=\"true\"><\/i>\t\t\t\t\t\t\t<\/span>\n\t\t\t\t\t\t\t\t\t\t\t\t\t\t\t\t\t\t\t\t<\/div>\n\t\t\t\t\t<\/div>\n\t\t\t\t\t\t<\/div>\n\t\t\t\t\t\t<\/div>\n\t\t\t\t\t<\/div>\n\t\t<\/div>\n\t\t\t\t<div class=\"elementor-column elementor-col-50 elementor-top-column elementor-element elementor-element-094bfd0\" data-id=\"094bfd0\" data-element_type=\"column\">\n\t\t\t<div class=\"elementor-widget-wrap elementor-element-populated\">\n\t\t\t\t\t\t<div class=\"elementor-element elementor-element-fcdcdd1 elementor-widget elementor-widget-heading\" data-id=\"fcdcdd1\" data-element_type=\"widget\" data-widget_type=\"heading.default\">\n\t\t\t\t\t<h2 class=\"elementor-heading-title elementor-size-default\">Por qu\u00e9 elegirnos<\/h2>\t\t\t\t<\/div>\n\t\t\t\t<div class=\"elementor-element elementor-element-d870793 elementor-widget__width-initial elementor-widget elementor-widget-text-editor\" data-id=\"d870793\" data-element_type=\"widget\" data-widget_type=\"text-editor.default\">\n\t\t\t\t\t\t\t\t\t<p>Nuestra capacidad para reaccionar r\u00e1pidamente a las necesidades de nuestros clientes nos ha permitido crear y construir relaciones duraderas con operadores de todo el mundo. Nuestros clientes elogian nuestro enfoque de atenci\u00f3n al cliente y nuestra pasi\u00f3n por abordar sus necesidades, reconociendo que siempre entregamos a tiempo y dentro del presupuesto. Nuestro compromiso con la calidad, la fiabilidad y la sostenibilidad brilla a trav\u00e9s de todos y cada uno de nuestros proyectos, sin importar cu\u00e1n grandes o peque\u00f1os sean, y nos hace sentir orgullosos de servir a nuestros clientes.<\/p>\n<ul>\n<li>Equipo multiling\u00fce que cubre m\u00e1s de 12 idiomas<\/li>\n<li>120.000 art\u00edculos en stock listos para enviar<\/li>\n<li>7.300 l\u00edneas de productos<\/li>\n<li>Servicio en 100+ pa\u00edses<\/li>\n<li>Soporte 24 horas, 365 d\u00edas al a\u00f1o<\/li>\n<li>Calidad ISO 9001 y controles ambientales ISO 14001<\/li>\n<li>Menos del 1% de los art\u00edculos enviados son RMA<\/li>\n<li>98% de satisfacci\u00f3n del cliente<\/li>\n<\/ul>\n<p><br>Cada miembro de nuestro personal de ventas y soporte tiene una amplia capacitaci\u00f3n y una pasi\u00f3n por las telecomunicaciones que les permite entender sus proyectos con claridad. Nuestro equipo estar\u00e1 encantado de ayudarle con cualquier pregunta o inquietud que pueda tener con respecto a su red y aconsejarle sobre los pasos a seguir. Al asociarnos con operadores y usuarios finales para adquirir, redistribuir, revender y reciclar sus activos de telecomunicaciones, ofrecemos servicios que no solo extienden la vida \u00fatil de las redes de telecomunicaciones existentes, sino que generan unos ingresos m\u00e1ximos, reducen los gastos y ayudan a las organizaciones a cumplir sus objetivos ambientales.<\/p>\t\t\t\t\t\t\t\t<\/div>\n\t\t\t\t\t<\/div>\n\t\t<\/div>\n\t\t\t\t\t<\/div>\n\t\t<\/section>\n\t\t\t\t<\/div>","protected":false},"excerpt":{"rendered":"<p>When it comes to legacy telecoms, we do things differently. Navigation Share this page Why Choose us? Our ability to quickly react to our customer\u2019s needs has enabled us to create and build long-standing relationships with operators around the world. Our clients praise our approach to customer care and our passion for tackling their needs, [&hellip;]<\/p>","protected":false},"author":1,"featured_media":0,"parent":14,"menu_order":0,"comment_status":"closed","ping_status":"closed","template":"","meta":{"_acf_changed":false,"footnotes":""},"class_list":["post-26","page","type-page","status-publish","hentry"],"acf":[],"yoast_head":"<!-- This site is optimized with the Yoast SEO Premium plugin v24.6 (Yoast SEO v24.6) - https:\/\/yoast.com\/wordpress\/plugins\/seo\/ -->\n<title>Why Choose Us? | About Us | Carritech Telecommunications<\/title>\n<meta name=\"description\" content=\"Our ability to react to our customer\u2019s needs has enabled us to create and build long-standing relationships with operators around the world.\" \/>\n<meta name=\"robots\" content=\"index, follow, max-snippet:-1, max-image-preview:large, max-video-preview:-1\" \/>\n<link rel=\"canonical\" href=\"https:\/\/carritech.com\/company\/why-choose-us\/\" \/>\n<meta property=\"og:locale\" content=\"es_ES\" \/>\n<meta property=\"og:type\" content=\"article\" \/>\n<meta property=\"og:title\" content=\"Why Choose Us?\" \/>\n<meta property=\"og:description\" content=\"Our ability to react to our customer\u2019s needs has enabled us to create and build long-standing relationships with operators around the world.\" \/>\n<meta property=\"og:url\" content=\"https:\/\/carritech.com\/company\/why-choose-us\/\" \/>\n<meta property=\"og:site_name\" content=\"Carritech\" \/>\n<meta property=\"article:publisher\" content=\"https:\/\/www.facebook.com\/Carritech-271429599884265\/\" \/>\n<meta property=\"article:modified_time\" content=\"2023-08-02T09:48:28+00:00\" \/>\n<meta name=\"twitter:card\" content=\"summary_large_image\" \/>\n<meta name=\"twitter:label1\" content=\"Tiempo de lectura\" \/>\n\t<meta name=\"twitter:data1\" content=\"2 minutos\" \/>\n<script type=\"application\/ld+json\" class=\"yoast-schema-graph\">{\"@context\":\"https:\/\/schema.org\",\"@graph\":[{\"@type\":\"WebPage\",\"@id\":\"https:\/\/carritech.com\/company\/why-choose-us\/\",\"url\":\"https:\/\/carritech.com\/company\/why-choose-us\/\",\"name\":\"Why Choose Us? | About Us | Carritech Telecommunications\",\"isPartOf\":{\"@id\":\"https:\/\/carritech.com\/#website\"},\"datePublished\":\"2022-07-05T15:35:08+00:00\",\"dateModified\":\"2023-08-02T09:48:28+00:00\",\"description\":\"Our ability to react to our customer\u2019s needs has enabled us to create and build long-standing relationships with operators around the world.\",\"breadcrumb\":{\"@id\":\"https:\/\/carritech.com\/company\/why-choose-us\/#breadcrumb\"},\"inLanguage\":\"es\",\"potentialAction\":[{\"@type\":\"ReadAction\",\"target\":[\"https:\/\/carritech.com\/company\/why-choose-us\/\"]}]},{\"@type\":\"BreadcrumbList\",\"@id\":\"https:\/\/carritech.com\/company\/why-choose-us\/#breadcrumb\",\"itemListElement\":[{\"@type\":\"ListItem\",\"position\":1,\"name\":\"Home\",\"item\":\"https:\/\/carritech.com\/\"},{\"@type\":\"ListItem\",\"position\":2,\"name\":\"Company\",\"item\":\"https:\/\/carritech.com\/company\/\"},{\"@type\":\"ListItem\",\"position\":3,\"name\":\"Why Choose Us?\"}]},{\"@type\":\"WebSite\",\"@id\":\"https:\/\/carritech.com\/#website\",\"url\":\"https:\/\/carritech.com\/\",\"name\":\"Carritech Telecommunications\",\"description\":\"A sustainable support solution for your telecoms network\",\"publisher\":{\"@id\":\"https:\/\/carritech.com\/#organization\"},\"alternateName\":\"Carritech\",\"potentialAction\":[{\"@type\":\"SearchAction\",\"target\":{\"@type\":\"EntryPoint\",\"urlTemplate\":\"https:\/\/carritech.com\/?s={search_term_string}\"},\"query-input\":{\"@type\":\"PropertyValueSpecification\",\"valueRequired\":true,\"valueName\":\"search_term_string\"}}],\"inLanguage\":\"es\"},{\"@type\":\"Organization\",\"@id\":\"https:\/\/carritech.com\/#organization\",\"name\":\"Carritech\",\"url\":\"https:\/\/carritech.com\/\",\"logo\":{\"@type\":\"ImageObject\",\"inLanguage\":\"es\",\"@id\":\"https:\/\/carritech.com\/#\/schema\/logo\/image\/\",\"url\":\"https:\/\/carritech.dfk-ms.info\/wp-content\/uploads\/2023\/01\/Carritech-Logo-without-sub-header.png\",\"contentUrl\":\"https:\/\/carritech.dfk-ms.info\/wp-content\/uploads\/2023\/01\/Carritech-Logo-without-sub-header.png\",\"width\":2628,\"height\":874,\"caption\":\"Carritech\"},\"image\":{\"@id\":\"https:\/\/carritech.com\/#\/schema\/logo\/image\/\"},\"sameAs\":[\"https:\/\/www.facebook.com\/Carritech-271429599884265\/\",\"https:\/\/www.linkedin.com\/company\/1678487\/\"]}]}<\/script>\n<!-- \/ Yoast SEO Premium plugin. -->","yoast_head_json":{"title":"Why Choose Us? | About Us | Carritech Telecommunications","description":"Our ability to react to our customer\u2019s needs has enabled us to create and build long-standing relationships with operators around the world.","robots":{"index":"index","follow":"follow","max-snippet":"max-snippet:-1","max-image-preview":"max-image-preview:large","max-video-preview":"max-video-preview:-1"},"canonical":"https:\/\/carritech.com\/company\/why-choose-us\/","og_locale":"es_ES","og_type":"article","og_title":"Why Choose Us?","og_description":"Our ability to react to our customer\u2019s needs has enabled us to create and build long-standing relationships with operators around the world.","og_url":"https:\/\/carritech.com\/company\/why-choose-us\/","og_site_name":"Carritech","article_publisher":"https:\/\/www.facebook.com\/Carritech-271429599884265\/","article_modified_time":"2023-08-02T09:48:28+00:00","twitter_card":"summary_large_image","twitter_misc":{"Tiempo de lectura":"2 minutos"},"schema":{"@context":"https:\/\/schema.org","@graph":[{"@type":"WebPage","@id":"https:\/\/carritech.com\/company\/why-choose-us\/","url":"https:\/\/carritech.com\/company\/why-choose-us\/","name":"Why Choose Us? | About Us | Carritech Telecommunications","isPartOf":{"@id":"https:\/\/carritech.com\/#website"},"datePublished":"2022-07-05T15:35:08+00:00","dateModified":"2023-08-02T09:48:28+00:00","description":"Our ability to react to our customer\u2019s needs has enabled us to create and build long-standing relationships with operators around the world.","breadcrumb":{"@id":"https:\/\/carritech.com\/company\/why-choose-us\/#breadcrumb"},"inLanguage":"es","potentialAction":[{"@type":"ReadAction","target":["https:\/\/carritech.com\/company\/why-choose-us\/"]}]},{"@type":"BreadcrumbList","@id":"https:\/\/carritech.com\/company\/why-choose-us\/#breadcrumb","itemListElement":[{"@type":"ListItem","position":1,"name":"Home","item":"https:\/\/carritech.com\/"},{"@type":"ListItem","position":2,"name":"Company","item":"https:\/\/carritech.com\/company\/"},{"@type":"ListItem","position":3,"name":"Why Choose Us?"}]},{"@type":"WebSite","@id":"https:\/\/carritech.com\/#website","url":"https:\/\/carritech.com\/","name":"Carritech Telecommunications","description":"A sustainable support solution for your telecoms network","publisher":{"@id":"https:\/\/carritech.com\/#organization"},"alternateName":"Carritech","potentialAction":[{"@type":"SearchAction","target":{"@type":"EntryPoint","urlTemplate":"https:\/\/carritech.com\/?s={search_term_string}"},"query-input":{"@type":"PropertyValueSpecification","valueRequired":true,"valueName":"search_term_string"}}],"inLanguage":"es"},{"@type":"Organization","@id":"https:\/\/carritech.com\/#organization","name":"Carritech","url":"https:\/\/carritech.com\/","logo":{"@type":"ImageObject","inLanguage":"es","@id":"https:\/\/carritech.com\/#\/schema\/logo\/image\/","url":"https:\/\/carritech.dfk-ms.info\/wp-content\/uploads\/2023\/01\/Carritech-Logo-without-sub-header.png","contentUrl":"https:\/\/carritech.dfk-ms.info\/wp-content\/uploads\/2023\/01\/Carritech-Logo-without-sub-header.png","width":2628,"height":874,"caption":"Carritech"},"image":{"@id":"https:\/\/carritech.com\/#\/schema\/logo\/image\/"},"sameAs":["https:\/\/www.facebook.com\/Carritech-271429599884265\/","https:\/\/www.linkedin.com\/company\/1678487\/"]}]}},"_links":{"self":[{"href":"https:\/\/carritech.dfk-ms.info\/es\/wp-json\/wp\/v2\/pages\/26","targetHints":{"allow":["GET"]}}],"collection":[{"href":"https:\/\/carritech.dfk-ms.info\/es\/wp-json\/wp\/v2\/pages"}],"about":[{"href":"https:\/\/carritech.dfk-ms.info\/es\/wp-json\/wp\/v2\/types\/page"}],"author":[{"embeddable":true,"href":"https:\/\/carritech.dfk-ms.info\/es\/wp-json\/wp\/v2\/users\/1"}],"replies":[{"embeddable":true,"href":"https:\/\/carritech.dfk-ms.info\/es\/wp-json\/wp\/v2\/comments?post=26"}],"version-history":[{"count":3,"href":"https:\/\/carritech.dfk-ms.info\/es\/wp-json\/wp\/v2\/pages\/26\/revisions"}],"predecessor-version":[{"id":5813,"href":"https:\/\/carritech.dfk-ms.info\/es\/wp-json\/wp\/v2\/pages\/26\/revisions\/5813"}],"up":[{"embeddable":true,"href":"https:\/\/carritech.dfk-ms.info\/es\/wp-json\/wp\/v2\/pages\/14"}],"wp:attachment":[{"href":"https:\/\/carritech.dfk-ms.info\/es\/wp-json\/wp\/v2\/media?parent=26"}],"curies":[{"name":"wp","href":"https:\/\/api.w.org\/{rel}","templated":true}]}}